{"id":1208,"date":"2015-10-20T10:33:10","date_gmt":"2015-10-20T10:33:10","guid":{"rendered":"http:\/\/localhost\/cloudme\/?page_id=1208"},"modified":"2024-01-12T04:01:12","modified_gmt":"2024-01-12T07:01:12","slug":"home-video","status":"publish","type":"page","link":"https:\/\/www.blue-net.com.ar\/web\/","title":{"rendered":"Home"},"content":{"rendered":"<p>[vc_row fullwidth=&#8221;yes&#8221;][vc_column]\r\n    <div id=\"video-container\" class=\"page-top\">\r\n      <div class=\"message container\">\r\n                        <div class=\"message-intro\">\r\n              <span class=\"message-line\"><\/span>\r\n              <p>Flexible Cloud Hosting<\/p>\r\n              <span class=\"message-line\"><\/span>\r\n            <\/div>\r\n                        <h1><span id=\"js-rotating\">SERVIDORES CLOUD DE ALTO RENDIMIENTO, NUBES PARA SITIOS WEB Y APLICACIONES, ACTIVACI\u00d3N DE CUENTAS INSTANT\u00c1NEAS, EXCELENTE DESEMPE\u00d1O DE LA CPU Y IO, LA EXPERIENCIA DE NUBE P\u00daBLICA REAL<\/span><\/h1>\r\n            <a href=\"#plans\" class=\"small radius btn scroll\">Ver Planes<\/a>      <\/div>\r\n      <video id='video-player' autoplay loop muted>\r\n          <source src=\"http:\/\/vegatheme.com\/videos\/demo.mp4\" type=\"video\/mp4\">\r\n          <source src=\"http:\/\/vegatheme.com\/videos\/demo.webm\" type=\"video\/webm\">\r\n          <source src=\"http:\/\/vegatheme.com\/videos\/demo.ogv\" type=\"video\/ogg\">\r\n      <\/video>\r\n      <div class=\"clouds hidden-xs\"><img src=\"https:\/\/www.blue-net.com.ar\/web\/wp-content\/uploads\/2015\/10\/clouds.png\" alt=\"\"\/><\/div>\r\n    <\/div>\r\n\r\n    \r\n[\/vc_column][\/vc_row][vc_row css=&#8221;.vc_custom_1445314919990{padding-top: 75px !important;padding-bottom: 75px !important;background-color: #f5e8df !important;}&#8221;][vc_column][vc_column_text css=&#8221;.vc_custom_1547934619768{margin-bottom: 60px !important;}&#8221;]<\/p>\n<h2 style=\"text-align: center;\">Nuestras caracter\u00edsticas son inmejorables.<\/h2>\n<p style=\"text-align: center;\">Contamos con algo extremadamente valioso:\u00a0Experiencia.<br \/>\nQue ponemos a tu disposici\u00f3n en todo momento.<br \/>\nDesde 1998, nos dedicamos a brindar seguridad, velocidad,<br \/>\nestabilidad y performance garantizada a nuestros clientes.<\/p>\n<p>[\/vc_column_text][\/vc_column][vc_column width=&#8221;1\/3&#8243; animate=&#8221;fadeinleft&#8221; time=&#8221;0.2&#8243; css=&#8221;.vc_custom_1473736777342{padding-right: 0px !important;padding-left: 0px !important;}&#8221;]\r\n  <div class=\"about-us-links\">\r\n    <i class=\"fa fa-database\"><\/i>        <h3>Cloud Hosting<\/h3>\r\n    <p>Tu primer presencia en internet, correo, blog, chat, webmail, fotolog, estad\u00edsticas y mucho m\u00e1s.<\/p>\r\n      <\/div>    \r\n\r\n  \r\n  <div class=\"about-us-links\">\r\n    <i class=\"fa fa-bolt\"><\/i>        <h3>Gigabit uplinks<\/h3>\r\n    <p>Ofrecerte un servicio integral de calidad superior, flexible y confiable que te permita desarrollar y administrar con eficiencia las actividades relacionadas con su presencia e internet.<\/p>\r\n      <\/div>    \r\n\r\n  [\/vc_column][vc_column width=&#8221;1\/3&#8243; animate=&#8221;zoomin&#8221; time=&#8221;0.4&#8243; css=&#8221;.vc_custom_1473736781894{padding-right: 0px !important;padding-left: 0px !important;}&#8221;]\r\n  <div class=\"about-us-links\">\r\n    <i class=\"fa fa-git\"><\/i>        <h3>Pre-installed git<\/h3>\r\n    <p>Aplicaciones Pre-Instaladas listas para usar<\/p>\r\n      <\/div>    \r\n\r\n  \r\n  <div class=\"about-us-links\">\r\n    <i class=\"fa fa-hdd-o\"><\/i>        <h3>SSD-Only y HDD<\/h3>\r\n    <p>Alojamiento en discos de alta velocidad y seguridad<\/p>\r\n      <\/div>    \r\n\r\n  [\/vc_column][vc_column width=&#8221;1\/3&#8243; animate=&#8221;fadeinright&#8221; time=&#8221;0.6&#8243; el_class=&#8221;last&#8221; css=&#8221;.vc_custom_1473736790673{padding-right: 0px !important;padding-left: 0px !important;}&#8221;]\r\n  <div class=\"about-us-links\">\r\n    <i class=\"fa fa-code\"><\/i>        <h3>Herramientas amigables para el desarrollador<\/h3>\r\n    <p>Servicio ideal para dise\u00f1adores gr\u00e1ficos o webmasters. Usted tiene la ventaja de brindar soluciones integrales a sus clientes, abarcando no s\u00f3lo el dise\u00f1o y mantenimiento y programadores<\/p>\r\n      <\/div>    \r\n\r\n  \r\n  <div class=\"about-us-links\">\r\n    <i class=\"fa fa-rocket\"><\/i>        <h3>EMail Marketing<\/h3>\r\n    <p>Herramienta ideal tanto como para administrar sus campa\u00f1as de Marketing v\u00eda e-mail como para el env\u00edo de mensajes a listas de correo o env\u00edo de Newsletters.<\/p>\n<p>E-Mail Marketing le permite el env\u00edo de sus mensajes totalmente personalizados y efectuar un seguimiento de los mismos on-line a trav\u00e9s de reportes instant\u00e1neos. Tambi\u00e9n brindamos planes\u00a0Reseller<\/p>\r\n      <\/div>    \r\n\r\n  [\/vc_column][\/vc_row][vc_row css=&#8221;.vc_custom_1445331043598{padding-top: 50px !important;padding-bottom: 50px !important;background-color: #222d3a !important;}&#8221;][vc_column animate=&#8221;fadeinup&#8221; time=&#8221;0.4&#8243;]\r\n  <div class=\"calltoaction\">\r\n    <div class=\"longshadow\">Nuevo Cliente?<\/div>\r\n    <div class=\"calltoactioninfo\">\r\n    <h2><b>50%<\/b> OFF SETUP<\/h2>\r\n    <h3>USE PROMO CODE <strong>''SETUP''<\/strong><\/h3>\r\n    <a href=\"https:\/\/www.blue-net.com.ar\/web\/servicios\/\" class=\"small radius btn\">CONTRATA<\/a>\r\n    <\/div>\r\n  <\/div>    \r\n\r\n  [\/vc_column][\/vc_row][vc_row css=&#8221;.vc_custom_1467260869324{padding-top: 50px !important;padding-bottom: 50px !important;}&#8221; el_id=&#8221;plans&#8221;][vc_column][vc_column_text css=&#8221;.vc_custom_1547933334833{margin-bottom: 50px !important;}&#8221;]<\/p>\n<h2 style=\"text-align: center;\">UN PLAN DE HOSTING PARA CADA NECESIDAD<\/h2>\n<p style=\"text-align: center;\">Potenciamos nuestra tecnolog\u00eda en planes a medida pensados para ti<\/p>\n<p>[\/vc_column_text][\/vc_column][vc_column width=&#8221;1\/3&#8243; animate=&#8221;fadeinleft&#8221; time=&#8221;0.2&#8243;]\r\n  <div class=\"pricingboxes\">\r\n    <div class=\"title\">WEB INICIO<\/div>\r\n    <div class=\"pricing-table\">\r\n      <\/p>\n<ul class=\"pricing-table\">\n<li class=\"description\"><strong>100% Plataforma Linux<\/strong><\/li>\n<li>300 MB espacio<\/li>\n<li>5 GB transferencia<\/li>\n<li>50 Emails<\/li>\n<li>1 Base MySQL<\/li>\n<li>24\/7 soporte t\u00e9cnico<\/li>\n<li>Pack Amigo<\/li>\n<li>Panel de Control<\/li>\n<\/ul>\n<div class=\"price\"><span>$2.900 mensual<\/span>MENSUAL \/ TRIMESTRAL \/ ANUAL<\/div>\r\n      <div class=\"cta-button\"><p><span><a href=\"http:\/\/demo.vegatheme.com\/whmcs-cloudme\/cart.php?gid=3\">Contratar<\/a><\/span><\/p><\/div>\r\n    <\/div>\r\n  <\/div>\r\n\r\n  [\/vc_column][vc_column width=&#8221;1\/3&#8243; animate=&#8221;fadeinup&#8221; time=&#8221;0.2&#8243;]\r\n  <div class=\"pricingboxes\">\r\n    <div class=\"title\">CLOUD VPS Nodo 3<\/div>\r\n    <div class=\"pricing-table\">\r\n      <\/p>\n<ul class=\"pricing-table\">\n<li class=\"description\">1 vCPU<\/li>\n<li>1 GB de RAM<\/li>\n<li>10 GB SSD Storage (Libre de sistema operativo)<\/li>\n<li>1 TB Transferencia<\/li>\n<li>24\/7 Monitoreo<\/li>\n<li>24\/7 soporte t\u00e9cnico<\/li>\n<\/ul>\n<div class=\"price\"><span>$10.900 mensual<\/span>MENSUAL \/ TRIMESTRAL \/ ANUAL<\/div>\r\n      <div class=\"cta-button\"><p><span><a href=\"http:\/\/demo.vegatheme.com\/whmcs-cloudme\/cart.php?gid=2\">Contratar<\/a><\/span><\/p><\/div>\r\n    <\/div>\r\n  <\/div>\r\n\r\n  [\/vc_column][vc_column width=&#8221;1\/3&#8243; animate=&#8221;fadeinright&#8221; time=&#8221;0.2&#8243;]\r\n  <div class=\"pricingboxes\">\r\n    <div class=\"title\">SERVIDOR DEDICADO HIGH PERFORMANCE 1<\/div>\r\n    <div class=\"pricing-table\">\r\n      <\/p>\n<ul class=\"pricing-table\">\n<li class=\"description\">2 IP<\/li>\n<li>Tecnolog\u00eda IPMI<\/li>\n<li>Procesador Xeon\u00a08 N\u00facleos<\/li>\n<li>16\u00a0GB RAM DDR4<\/li>\n<li>2\u00d7240\u00a0GB SSD<\/li>\n<li>10\/100 BurstINCLUYE: Soporte Tech Care+ Antispam Premium + Cloud VPN<\/li>\n<\/ul>\n<div class=\"price\"><span>$39.900 mensual<\/span>MENSUAL \/ TRIMESTRAL \/ ANUAL<\/div>\r\n      <div class=\"cta-button\"><p><span><a href=\"http:\/\/demo.vegatheme.com\/whmcs-cloudme\/cart.php?gid=4\">Contratar<\/a><\/span><\/p><\/div>\r\n    <\/div>\r\n  <\/div>\r\n\r\n  [\/vc_column][\/vc_row][vc_row css=&#8221;.vc_custom_1445327064253{padding-top: 50px !important;padding-bottom: 50px !important;background-color: #222d3a !important;}&#8221;][vc_column][vc_column_text]<\/p>\n<div class=\"circle\"><i class=\"fa fa-heart\"><b>a<\/b><\/i><\/div>\n<p>[\/vc_column_text][vc_column_text]<\/p>\n<h2 class=\"white\" style=\"text-align: center;\">AMADO POR LOS DESARROLLADORES<\/h2>\n<hr class=\"small\" \/>\n<p>[\/vc_column_text]\r\n  <div id=\"testimonials-carousel\" class=\"owl-carousel\">\r\n    \r\n    <div class=\"item\">\r\n      <div class=\"whoclient\"><span>Pablo Rodriguez, Onlic Network, ARGENTINA<\/span><\/div>\r\n      <div class=\"testimonial-content\">\r\n        <p>Recomiendo absolutamente a Blue-Net Webhosting como servicio de Hosting profesional. Hoy por hoy tengo todos mis sitios permanentemente funcionando, sin problemas ni interrupciones.<br \/>\nEl servicio es excelente en todos los aspectos que cubre una empresa de Hosting: eficiencia y confiabilidad, comodidad y rapidez, calidad t\u00e9cnica, atenci\u00f3n inmediata.<br \/>\nRealmente la atenci\u00f3n es muy buena, siempre que sugi\u00f3 un problema lo solucionaron en el menor tiempo posible.<br \/>\nVeo de parte de todos los que trabajan en Blue-Net Webhostingun esfuerzo permanente por cumplir su labor e incluso superarse diariamente para brindar el mejor servicio.<br \/>\nNo me quedan m\u00e1s que palabras de agradecimientos para el grupo humano profesional que compone la empresa. Sigan as\u00ed y gracias por todo!<\/p>\n      <\/div>\r\n    <\/div>\r\n    \r\n    <div class=\"item\">\r\n      <div class=\"whoclient\"><span>Leonardo Di Gregorio, ARGENTINA<\/span><\/div>\r\n      <div class=\"testimonial-content\">\r\n        <p>Estimados, Patricio Herrero y Staff Blue-Net Webhosting: Por la presente, y luego de haber cumplido mi Primer A\u00f1o en mi emprendimiento profesional como fot\u00f3grafo, quiero expresar mi ferviente agradecimiento por vuestro servicio y acompa\u00f1amiento, que ha sido important\u00edsimo para superar un primer a\u00f1o dif\u00edcil y con las todas las fuerzas para emprender un nueva temporada, contando con Uds. con un servicio de actualidad, excelencia y de confianza, que siga as\u00ed.<br \/>\nGratitud y buenos augurios para todos.<br \/>\nSaludos cordiales<\/p>\n      <\/div>\r\n    <\/div>\r\n    \r\n    <div class=\"item\">\r\n      <div class=\"whoclient\"><span>Ing. Idalicio H. Calixto, VERACRUZ, M\u00c9XICO de CEO SINETIC<\/span><\/div>\r\n      <div class=\"testimonial-content\">\r\n        <p>Es una excelente herramienta que me ha sido de gran utilidad para hacerles llegar boletines sobre cursos a mis ex-alumnos de Instituto Tecnol\u00f3gico Superior de Jes\u00fas Carranza. Estoy muy agradecido con Blue-Net Webhosting por poner a nuestro alcance estas valiosas herramientas.<\/p>\n<p>Saludos cordiales.<\/p>\n      <\/div>\r\n    <\/div>\r\n    \t<\/div>\r\n\r\n\t[\/vc_column][\/vc_row][vc_row css=&#8221;.vc_custom_1445315736712{padding-top: 50px !important;background-image: url(https:\/\/www.blue-net.com.ar\/web\/wp-content\/uploads\/2015\/10\/monitoring_bg.jpg?id=1149) !important;}&#8221; el_class=&#8221;monitoring&#8221;][vc_column][vc_column_text css=&#8221;.vc_custom_1547934486366{margin-bottom: 10px !important;}&#8221;]<\/p>\n<h2 style=\"text-align: center;\"><strong>MONITOREO EN TIEMPO REAL DE NUESTROS SERVICIO\u00a0<\/strong><\/h2>\n<p class=\"text-center\" style=\"text-align: center;\">Te aseguramos la mejor experiencia de uso, a trav\u00e9s de hardware y recursos configurados y de uso exclusivo para tus servicios<\/p>\n<p>[\/vc_column_text][\/vc_column][vc_column animate=&#8221;fadeinup&#8221; time=&#8221;0.4&#8243;][vc_single_image image=&#8221;1150&#8243; img_size=&#8221;full&#8221; alignment=&#8221;center&#8221;][\/vc_column][\/vc_row]<\/p>\n","protected":false},"excerpt":{"rendered":"<p>[vc_row fullwidth=&#8221;yes&#8221;][vc_column][\/vc_column][\/vc_row][vc_row css=&#8221;.vc_custom_1445314919990{padding-top: 75px !important;padding-bottom: 75px !important;background-color: #f5e8df !important;}&#8221;][vc_column][vc_column_text css=&#8221;.vc_custom_1547934619768{margin-bottom: 60px !important;}&#8221;] Nuestras caracter\u00edsticas son inmejorables. Contamos con algo extremadamente valioso:\u00a0Experiencia. Que ponemos a tu disposici\u00f3n en todo momento. Desde 1998, nos dedicamos a brindar seguridad, velocidad, estabilidad y performance garantizada a nuestros clientes. [\/vc_column_text][\/vc_column][vc_column width=&#8221;1\/3&#8243; animate=&#8221;fadeinleft&#8221; time=&#8221;0.2&#8243; css=&#8221;.vc_custom_1473736777342{padding-right: 0px !important;padding-left: 0px !important;}&#8221;][\/vc_column][vc_column width=&#8221;1\/3&#8243; animate=&#8221;zoomin&#8221; time=&#8221;0.4&#8243; css=&#8221;.vc_custom_1473736781894{padding-right: 0px !important;padding-left: 0px !important;}&#8221;][\/vc_column][vc_column width=&#8221;1\/3&#8243; animate=&#8221;fadeinright&#8221; time=&#8221;0.6&#8243; el_class=&#8221;last&#8221; css=&#8221;.vc_custom_1473736790673{padding-right: 0px !important;padding-left: 0px !important;}&#8221;][\/vc_column][\/vc_row][vc_row css=&#8221;.vc_custom_1445331043598{padding-top: 50px !important;padding-bottom: 50px !important;background-color: [&hellip;]<\/p>\n","protected":false},"author":1,"featured_media":0,"parent":0,"menu_order":0,"comment_status":"closed","ping_status":"closed","template":"page-templates\/template-canvas.php","meta":[],"_links":{"self":[{"href":"https:\/\/www.blue-net.com.ar\/web\/wp-json\/wp\/v2\/pages\/1208"}],"collection":[{"href":"https:\/\/www.blue-net.com.ar\/web\/wp-json\/wp\/v2\/pages"}],"about":[{"href":"https:\/\/www.blue-net.com.ar\/web\/wp-json\/wp\/v2\/types\/page"}],"author":[{"embeddable":true,"href":"https:\/\/www.blue-net.com.ar\/web\/wp-json\/wp\/v2\/users\/1"}],"replies":[{"embeddable":true,"href":"https:\/\/www.blue-net.com.ar\/web\/wp-json\/wp\/v2\/comments?post=1208"}],"version-history":[{"count":9,"href":"https:\/\/www.blue-net.com.ar\/web\/wp-json\/wp\/v2\/pages\/1208\/revisions"}],"predecessor-version":[{"id":2143,"href":"https:\/\/www.blue-net.com.ar\/web\/wp-json\/wp\/v2\/pages\/1208\/revisions\/2143"}],"wp:attachment":[{"href":"https:\/\/www.blue-net.com.ar\/web\/wp-json\/wp\/v2\/media?parent=1208"}],"curies":[{"name":"wp","href":"https:\/\/api.w.org\/{rel}","templated":true}]}}