{"id":1401,"date":"2015-10-26T09:22:19","date_gmt":"2015-10-26T09:22:19","guid":{"rendered":"http:\/\/demo.vegatheme.com\/cloudme\/?page_id=2"},"modified":"2019-07-06T14:42:06","modified_gmt":"2019-07-06T17:42:06","slug":"emarketing","status":"publish","type":"page","link":"https:\/\/www.blue-net.com.ar\/web\/emarketing\/","title":{"rendered":"E-MAIL MARKETING"},"content":{"rendered":"<p>[vc_row][vc_column][vc_column_text]<\/p>\n<p align=\"justify\">Herramienta ideal tanto como para administrar sus campa\u00f1as de Marketing v\u00eda e-mail como para el env\u00edo de mensajes a listas de correo o env\u00edo de Newsletters.<\/p>\n<p align=\"justify\">E-Mail Marketing le permite el env\u00edo de sus mensajes totalmente personalizados y efectuar un seguimiento de los mismos on-line a trav\u00e9s de reportes instant\u00e1neos. Tambi\u00e9n brindamos planes\u00a0Reseller<\/p>\n<p>&nbsp;<\/p>\n<table border=\"0\" width=\"100%\" cellspacing=\"0\" cellpadding=\"0\">\n<tbody>\n<tr>\n<td width=\"45%\"><strong><span class=\"style14\">Plan Mensual<\/span><\/strong><\/td>\n<\/tr>\n<tr>\n<td>\n<div><\/div>\n<\/td>\n<\/tr>\n<tr>\n<td>\n<div align=\"justify\">\n<p>En este tipo de contrataci\u00f3n, el usuario tendr\u00e1 todos los meses disponibles la cantidad de emails correspondientes al plan.<br \/>\nEste tipo de planes est\u00e1n dise\u00f1ados para aquellos usuarios que necesitan hacer env\u00edos peri\u00f3dicos de Campa\u00f1as de Email Marketing.<\/p>\n<\/div>\n<\/td>\n<\/tr>\n<\/tbody>\n<\/table>\n<p>[\/vc_column_text]\r\n  <div class=\"about-us-links\">\r\n    <i class=\"fa fa-address-card-o\"><\/i>    <img src=\"https:\/\/www.blue-net.com.ar\/web\/wp-content\/uploads\/2015\/10\/server-features-3.png\">    <h3>Caracter\u00edsticas del Servicio<\/h3>\r\n    <p><\/p>\n<table border=\"0\" width=\"100%\" cellspacing=\"0\" cellpadding=\"0\">\n<tbody>\n<tr>\n<td>\n<div align=\"left\"><img loading=\"lazy\" src=\"http:\/\/www.blue-net.com.ar\/vw\/images\/bullet3.gif\" width=\"10\" height=\"7\" \/>\u00a0Alta del servicio dentro de las 24 horas habiles de contratado<\/div>\n<div align=\"left\"><img loading=\"lazy\" src=\"http:\/\/www.blue-net.com.ar\/vw\/images\/bullet3.gif\" width=\"10\" height=\"7\" \/>Ilimitadas listas y filtros.<\/div>\n<div align=\"left\"><img loading=\"lazy\" src=\"http:\/\/www.blue-net.com.ar\/vw\/images\/bullet3.gif\" width=\"10\" height=\"7\" \/>Reportes completos y en tiempo real.<\/div>\n<div align=\"left\"><img loading=\"lazy\" src=\"http:\/\/www.blue-net.com.ar\/vw\/images\/bullet3.gif\" width=\"10\" height=\"7\" \/>Sistemas de depuracion de listas y analicis de correo rechazado.<\/div>\n<div align=\"left\"><img loading=\"lazy\" src=\"http:\/\/www.blue-net.com.ar\/vw\/images\/bullet3.gif\" width=\"10\" height=\"7\" \/>Accesos a la plataforma via navegador web desde cualquier locaci\u00f3n.<\/div>\n<div align=\"left\"><img loading=\"lazy\" src=\"http:\/\/www.blue-net.com.ar\/vw\/images\/bullet3.gif\" width=\"10\" height=\"7\" \/>Opci\u00f3n para cargar listas de email manualmente, mediante archivo de texto\u00a0 o CSV o base de dato remota.<\/div>\n<div align=\"left\"><img loading=\"lazy\" src=\"http:\/\/www.blue-net.com.ar\/vw\/images\/bullet3.gif\" width=\"10\" height=\"7\" \/>Opci\u00f3n para incluir encuestas en su email.<\/div>\n<div align=\"left\"><img loading=\"lazy\" src=\"http:\/\/www.blue-net.com.ar\/vw\/images\/bullet3.gif\" width=\"10\" height=\"7\" \/>Sistema de marketing viral, para legar aun a mas gente.<\/div>\n<div align=\"left\"><img loading=\"lazy\" src=\"http:\/\/www.blue-net.com.ar\/vw\/images\/bullet3.gif\" width=\"10\" height=\"7\" \/>Integracion con su sitio web via formulario.<\/div>\n<div align=\"left\"><img loading=\"lazy\" src=\"http:\/\/www.blue-net.com.ar\/vw\/images\/bullet3.gif\" width=\"10\" height=\"7\" \/>Campos personalizados en sus listas<\/div>\n<div align=\"left\"><img loading=\"lazy\" src=\"http:\/\/www.blue-net.com.ar\/vw\/images\/bullet3.gif\" width=\"10\" height=\"7\" \/>Segmentacion de listas y filtros de envio<\/div>\n<\/td>\n<\/tr>\n<\/tbody>\n<\/table>\n<p><\/p>\r\n      <\/div>    \r\n\r\n  [vc_column_text]<\/p>\n<h2 style=\"text-align: center;\">PAGA POR MES, TRIMESTRE, SEMESTRE, ANUAL O BI-ANUAL<\/h2>\n<p>[\/vc_column_text][\/vc_column][\/vc_row][vc_row][vc_column width=&#8221;1\/4&#8243;]\r\n  <div class=\"pricingboxes\">\r\n    <div class=\"title\">2 env\u00edos mensuales<\/div>\r\n    <div class=\"pricing-table\">\r\n      <\/p>\n<ul>\n<li>5000\u00a0<span class=\"style2\"><b>Envios mensuales<\/b><\/span><\/li>\n<li>1 Listas<\/li>\n<li>Plataforma de env\u00edo en espa\u00f1ol<\/li>\n<li>Soporte T\u00e9cnico<\/li>\n<\/ul>\n<div class=\"price\"><span>$ 299<\/span>MENSUAL<\/div>\r\n      <div class=\"cta-button\"><p><span><a href=\"http:\/\/www.blue-net.com.ar\/clientes\/order.php?step=1&#038;productGroup=37&#038;product=291\">CONTRATAR<\/a><\/span><\/p><\/div>\r\n    <\/div>\r\n  <\/div>\r\n\r\n  [\/vc_column][vc_column width=&#8221;1\/4&#8243;]\r\n  <div class=\"pricingboxes\">\r\n    <div class=\"title\">10.000 Envios mensuales<\/div>\r\n    <div class=\"pricing-table\">\r\n      <\/p>\n<ul>\n<li>10.000\u00a0<span class=\"style2\"><b>Envios mensuales<\/b><\/span><\/li>\n<li>2 Listas<\/li>\n<li>Plataforma de env\u00edo en espa\u00f1ol<\/li>\n<li>Soporte T\u00e9cnico<\/li>\n<\/ul>\n<div class=\"price\"><span>$ 599<\/span>MENSUAL<\/div>\r\n      <div class=\"cta-button\"><p><span><a href=\"http:\/\/www.blue-net.com.ar\/clientes\/order.php?step=1&#038;productGroup=37&#038;product=290\">CONTRATAR<\/a><\/span><\/p><\/div>\r\n    <\/div>\r\n  <\/div>\r\n\r\n  [\/vc_column][vc_column width=&#8221;1\/4&#8243;]\r\n  <div class=\"pricingboxes\">\r\n    <div class=\"title\">25.000 Envios mensuales<\/div>\r\n    <div class=\"pricing-table\">\r\n      <\/p>\n<ul>\n<li>25.000\u00a0<span class=\"style2\"><b>Envios mensuales<\/b><\/span><\/li>\n<li>2 Listas<\/li>\n<li>Plataforma de env\u00edo en espa\u00f1ol<\/li>\n<li>Soporte T\u00e9cnico<\/li>\n<\/ul>\n<div class=\"price\"><span>$ 1099<\/span>MENSUAL<\/div>\r\n      <div class=\"cta-button\"><p><span><a href=\"http:\/\/www.blue-net.com.ar\/clientes\/order.php?step=1&#038;productGroup=37&#038;product=292\">CONTRATAR<\/a><\/span><\/p><\/div>\r\n    <\/div>\r\n  <\/div>\r\n\r\n  [\/vc_column][vc_column width=&#8221;1\/4&#8243;]\r\n  <div class=\"pricingboxes\">\r\n    <div class=\"title\">50.000 Envios mensuales<\/div>\r\n    <div class=\"pricing-table\">\r\n      <\/p>\n<ul>\n<li>50.000\u00a0<span class=\"style2\"><b>Envios mensuales<\/b><\/span><\/li>\n<li>4 lListas<\/li>\n<li>Plataforma de env\u00edo en espa\u00f1ol<\/li>\n<li>Soporte T\u00e9cnico<\/li>\n<\/ul>\n<div class=\"price\"><span>$ 1599<\/span>MENSUAL<\/div>\r\n      <div class=\"cta-button\"><p><span><a href=\"http:\/\/www.blue-net.com.ar\/clientes\/order.php?step=1&#038;productGroup=37&#038;product=293\">CONTRATAR<\/a><\/span><\/p><\/div>\r\n    <\/div>\r\n  <\/div>\r\n\r\n  [\/vc_column][\/vc_row][vc_row][vc_column width=&#8221;1\/4&#8243;]\r\n  <div class=\"pricingboxes\">\r\n    <div class=\"title\">100.000 Envios mensuale<\/div>\r\n    <div class=\"pricing-table\">\r\n      <\/p>\n<ul>\n<li>100.000\u00a0<span class=\"style2\"><b>Envios mensuales<\/b><\/span><\/li>\n<li>4 Listas<\/li>\n<li>Plataforma de env\u00edo en espa\u00f1ol<\/li>\n<li>Soporte T\u00e9cnico<\/li>\n<\/ul>\n<div class=\"price\"><span>$ 2399<\/span>MENSUAL<\/div>\r\n      <div class=\"cta-button\"><p><span><a href=\"http:\/\/www.blue-net.com.ar\/clientes\/order.php?step=1&#038;productGroup=37&#038;product=295\">CONTRATAR<\/a><\/span><\/p><\/div>\r\n    <\/div>\r\n  <\/div>\r\n\r\n  [\/vc_column][vc_column width=&#8221;1\/4&#8243;]\r\n  <div class=\"pricingboxes\">\r\n    <div class=\"title\">150.000 Envios mensuale<\/div>\r\n    <div class=\"pricing-table\">\r\n      <\/p>\n<ul>\n<li>150.000\u00a0<span class=\"style2\"><b>Envios mensuales<\/b><\/span><\/li>\n<li>4 Listas<\/li>\n<li>Plataforma de env\u00edo en espa\u00f1ol<\/li>\n<li>Soporte T\u00e9cnico<\/li>\n<\/ul>\n<div class=\"price\"><span>$ 3599<\/span>MENSUAL<\/div>\r\n      <div class=\"cta-button\"><p><span><a href=\"http:\/\/www.blue-net.com.ar\/clientes\/order.php?step=1&#038;productGroup=37&#038;product=296\">CONTRATAR<\/a><\/span><\/p><\/div>\r\n    <\/div>\r\n  <\/div>\r\n\r\n  [\/vc_column][vc_column width=&#8221;1\/4&#8243;]\r\n  <div class=\"pricingboxes\">\r\n    <div class=\"title\">200.000 Envios mensuale<\/div>\r\n    <div class=\"pricing-table\">\r\n      <\/p>\n<ul>\n<li>200.000\u00a0<span class=\"style2\"><b>Envios mensuales<\/b><\/span><\/li>\n<li>5 Listas<\/li>\n<li>Plataforma de env\u00edo en espa\u00f1ol<\/li>\n<li>Soporte T\u00e9cnico<\/li>\n<\/ul>\n<div class=\"price\"><span>$ 5399<\/span>MENSUAL \/ TRIMESTRAL \/ ANUAL<\/div>\r\n      <div class=\"cta-button\"><p><span><a href=\"http:\/\/www.blue-net.com.ar\/clientes\/order.php?step=1&#038;productGroup=37&#038;product=297\">CONTRATAR<\/a><\/span><\/p><\/div>\r\n    <\/div>\r\n  <\/div>\r\n\r\n  [\/vc_column][vc_column width=&#8221;1\/4&#8243;][vc_column_text]<\/p>\n<p>Si necesita contratar mayor cantidad de env\u00edos puede enviarnos un ticket al <a href=\"http:\/\/www.blue-net.com.ar\/osticket\/\">sector comercial<\/a><\/p>\n<p>Puede contactarnos por otros <a href=\"https:\/\/www.blue-net.com.ar\/web\/contact\/\">canales<\/a>\u00a0de atenci\u00f3n<\/p>\n<p><a href=\"https:\/\/www.blue-net.com.ar\/web\/wp-content\/uploads\/2015\/10\/vps_step_1.png\"><img loading=\"lazy\" class=\" wp-image-944 aligncenter\" src=\"https:\/\/www.blue-net.com.ar\/web\/wp-content\/uploads\/2015\/10\/vps_step_1.png\" alt=\"\" width=\"127\" height=\"127\" srcset=\"https:\/\/www.blue-net.com.ar\/web\/wp-content\/uploads\/2015\/10\/vps_step_1.png 160w, https:\/\/www.blue-net.com.ar\/web\/wp-content\/uploads\/2015\/10\/vps_step_1-150x150.png 150w\" sizes=\"(max-width: 127px) 100vw, 127px\" \/><\/a>[\/vc_column_text][\/vc_column][\/vc_row][vc_row][vc_column width=&#8221;1\/2&#8243;][vc_single_image image=&#8221;1463&#8243; img_size=&#8221;500&#8243; alignment=&#8221;right&#8221;][\/vc_column][vc_column width=&#8221;1\/2&#8243;][vc_single_image image=&#8221;1464&#8243; img_size=&#8221;500&#8243;][\/vc_column][\/vc_row]<\/p>\n","protected":false},"excerpt":{"rendered":"<p>[vc_row][vc_column][vc_column_text] Herramienta ideal tanto como para administrar sus campa\u00f1as de Marketing v\u00eda e-mail como para el env\u00edo de mensajes a listas de correo o env\u00edo de Newsletters. E-Mail Marketing le permite el env\u00edo de sus mensajes totalmente personalizados y efectuar un seguimiento de los mismos on-line a trav\u00e9s de reportes instant\u00e1neos. Tambi\u00e9n brindamos planes\u00a0Reseller &nbsp; Plan Mensual En este tipo de contrataci\u00f3n, el usuario tendr\u00e1 todos los meses disponibles la cantidad de emails correspondientes al [&hellip;]<\/p>\n","protected":false},"author":1,"featured_media":0,"parent":0,"menu_order":0,"comment_status":"closed","ping_status":"open","template":"page-templates\/template-fullwidth.php","meta":[],"_links":{"self":[{"href":"https:\/\/www.blue-net.com.ar\/web\/wp-json\/wp\/v2\/pages\/1401"}],"collection":[{"href":"https:\/\/www.blue-net.com.ar\/web\/wp-json\/wp\/v2\/pages"}],"about":[{"href":"https:\/\/www.blue-net.com.ar\/web\/wp-json\/wp\/v2\/types\/page"}],"author":[{"embeddable":true,"href":"https:\/\/www.blue-net.com.ar\/web\/wp-json\/wp\/v2\/users\/1"}],"replies":[{"embeddable":true,"href":"https:\/\/www.blue-net.com.ar\/web\/wp-json\/wp\/v2\/comments?post=1401"}],"version-history":[{"count":17,"href":"https:\/\/www.blue-net.com.ar\/web\/wp-json\/wp\/v2\/pages\/1401\/revisions"}],"predecessor-version":[{"id":2043,"href":"https:\/\/www.blue-net.com.ar\/web\/wp-json\/wp\/v2\/pages\/1401\/revisions\/2043"}],"wp:attachment":[{"href":"https:\/\/www.blue-net.com.ar\/web\/wp-json\/wp\/v2\/media?parent=1401"}],"curies":[{"name":"wp","href":"https:\/\/api.w.org\/{rel}","templated":true}]}}