{"id":1582,"date":"2019-01-21T16:51:37","date_gmt":"2019-01-21T19:51:37","guid":{"rendered":"https:\/\/www.blue-net.com.ar\/web\/?page_id=1582"},"modified":"2019-01-30T16:44:00","modified_gmt":"2019-01-30T19:44:00","slug":"ipdedicadas","status":"publish","type":"page","link":"https:\/\/www.blue-net.com.ar\/web\/ipdedicadas\/","title":{"rendered":"IPs DEDICADAS"},"content":{"rendered":"<p>[vc_row][vc_column][vc_column_text]El servicio de IP esta brindado a todos nuestros clientes, desde certidicados a servidores dedicados.<\/p>\n<h3>Configure su servicio\u00a0escalable a la carta\u00a0y olv\u00eddese de l\u00edmites<\/h3>\n<p>Aumente o disminuya\u00a0sus recursos a la carta\u00a0seg\u00fan sus necesidades y<br \/>\nsin cambiar de servicio.\u00a0IPs Argentinas y\u00a0\u00f3ptima conectividad.<\/p>\n<p>Cada p\u00e1gina web tendr\u00e1 sus propias cuentas de correo, bases de datos, copias de seguridad, cuentas de FTP, redirecciones y archivos separados de las dem\u00e1s.<\/p>\n<p>Si lo que tiene previsto es desarrollar un sitio web desde el principio, le recomendamos contrate una <a href=\"https:\/\/www.blue-net.com.ar\/web\/shared-hosting\/\">Cuenta de hosting<\/a>[\/vc_column_text][vc_column_text]El servicio Correo electr\u00f3nico avanzado le permite disponer de direcciones de correo bajo su propio dominio (tipo usuario@sudominio.com) a un precio m\u00e1s econ\u00f3mico que contratando una cuenta de hosting para su domino.<\/p>\n<p>La caracter\u00edstica distintiva del servicio Correo electr\u00f3nico avanzado es que Ud. no dispone de presencia Web, pero s\u00ed de servicios de correo electr\u00f3nico bajo su propio dominio.<\/p>\n<p>Dispondr\u00e1 de una p\u00e1gina tipo predeterminada en la que se indica que su sitio web est\u00e1 &#8220;En construcci\u00f3n&#8221;.<\/p>\n<p>Resulta por lo tanto muy \u00fatil si desde el primer momento necesita utilizar servicios avanzados de correo con su propio nombre de dominio pero todav\u00eda no ha desarrollado su p\u00e1gina web.<\/p>\n<p>Si lo que tiene previsto es desarrollar un sitio web desde el principio, le recomendamos contrate una Cuenta de hosting[\/vc_column_text]\r\n  <div class=\"about-us-links\">\r\n    <i class=\"fa fa-address-card-o\"><\/i>        <h3><\/h3>\r\n    <p><\/p>\n<table border=\"0\" width=\"100%\" cellspacing=\"0\" cellpadding=\"0\">\n<tbody>\n<tr>\n<td>\n<div align=\"left\">Caracter\u00edsticas comerciales:<\/div>\n<div align=\"left\"><\/div>\n<div align=\"left\"><img loading=\"lazy\" src=\"http:\/\/www.blue-net.com.ar\/vw\/images\/bullet3.gif\" width=\"10\" height=\"7\" \/>\u00a0Alta del servicio dentro de las 24 horas h\u00e1biles de pagado<\/div>\n<div align=\"left\"><img loading=\"lazy\" src=\"http:\/\/www.blue-net.com.ar\/vw\/images\/bullet3.gif\" width=\"10\" height=\"7\" \/>\u00a0IPs Argentinas<\/div>\n<\/td>\n<\/tr>\n<\/tbody>\n<\/table>\n<p><\/p>\r\n      <\/div>    \r\n\r\n  [vc_column_text]Si necesita contratar mayor cantidad de IPs puede enviarnos un ticket al <a href=\"http:\/\/www.blue-net.com.ar\/osticket\/\">sector comercial<\/a><\/p>\n<p>Puede contactarnos por otros <a href=\"https:\/\/www.blue-net.com.ar\/web\/contact\/\">canales<\/a>\u00a0de atenci\u00f3n<\/p>\n<p><a href=\"https:\/\/www.blue-net.com.ar\/web\/wp-content\/uploads\/2015\/10\/vps_step_1.png\"><img loading=\"lazy\" class=\" wp-image-944 aligncenter\" src=\"https:\/\/www.blue-net.com.ar\/web\/wp-content\/uploads\/2015\/10\/vps_step_1.png\" alt=\"\" width=\"127\" height=\"127\" srcset=\"https:\/\/www.blue-net.com.ar\/web\/wp-content\/uploads\/2015\/10\/vps_step_1.png 160w, https:\/\/www.blue-net.com.ar\/web\/wp-content\/uploads\/2015\/10\/vps_step_1-150x150.png 150w\" sizes=\"(max-width: 127px) 100vw, 127px\" \/><\/a>[\/vc_column_text][vc_column_text class=&#8221;&#8220;ptsEditArea&#8221; data-el=&#8221;&#8220;btn&#8220;&#8221; src=&#8221;&#8220;http:\/\/supsystic-42d7.kxcdn.com\/_assets\/tables\/img\/example.jpg&#8220;&#8221; data-icon=&#8221;&#8220;fa-cog&#8220;&#8221; data-color=&#8221;&#8220;rgb(255,&#8221; data-type=&#8221;&#8220;icon&#8220;&#8221; data-bgcolor-to=&#8221;&#8220;txt&#8220;&#8221; data-bgcolor=&#8221;&#8220;#fff&#8220;&#8221; href=&#8221;&#8220;https:\/\/supsystic.com\/&#8220;&#8221;][\/vc_column_text][vc_column_text]<\/p>\n<h2 style=\"text-align: center;\">PAGA POR MES, TRIMESTRE, SEMESTRE, ANUAL O BI-ANUAL<\/h2>\n<p>[\/vc_column_text][\/vc_column][\/vc_row][vc_row][vc_column width=&#8221;1\/3&#8243;]\r\n  <div class=\"pricingboxes\">\r\n    <div class=\"title\">\/29 (8 IPs) Direcciones IP Argentinas<\/div>\r\n    <div class=\"pricing-table\">\r\n      <\/p>\n<ul>\n<li>Las direcciones IP sirven para las redes socioales a los buscadores y servicios de Blue-Net Webhosting<\/li>\n<\/ul>\n<div class=\"price\"><span>$ 459<\/span>MENSUAL<\/div>\r\n      <div class=\"cta-button\"><p><span><a href=\"http:\/\/blue-net.com.ar\/osticket\/\">Contactaste con el Ejecutivo de Cuentas<\/a><\/span><\/p><\/div>\r\n    <\/div>\r\n  <\/div>\r\n\r\n  [\/vc_column][vc_column width=&#8221;1\/3&#8243;][\/vc_column][vc_column width=&#8221;1\/3&#8243;][\/vc_column][\/vc_row]<\/p>\n","protected":false},"excerpt":{"rendered":"<p>[vc_row][vc_column][vc_column_text]El servicio de IP esta brindado a todos nuestros clientes, desde certidicados a servidores dedicados. Configure su servicio\u00a0escalable a la carta\u00a0y olv\u00eddese de l\u00edmites Aumente o disminuya\u00a0sus recursos a la carta\u00a0seg\u00fan sus necesidades y sin cambiar de servicio.\u00a0IPs Argentinas y\u00a0\u00f3ptima conectividad. Cada p\u00e1gina web tendr\u00e1 sus propias cuentas de correo, bases de datos, copias de seguridad, cuentas de FTP, redirecciones y archivos separados de las dem\u00e1s. Si lo que tiene previsto es desarrollar un sitio [&hellip;]<\/p>\n","protected":false},"author":1,"featured_media":0,"parent":0,"menu_order":0,"comment_status":"closed","ping_status":"open","template":"page-templates\/template-fullwidth.php","meta":[],"_links":{"self":[{"href":"https:\/\/www.blue-net.com.ar\/web\/wp-json\/wp\/v2\/pages\/1582"}],"collection":[{"href":"https:\/\/www.blue-net.com.ar\/web\/wp-json\/wp\/v2\/pages"}],"about":[{"href":"https:\/\/www.blue-net.com.ar\/web\/wp-json\/wp\/v2\/types\/page"}],"author":[{"embeddable":true,"href":"https:\/\/www.blue-net.com.ar\/web\/wp-json\/wp\/v2\/users\/1"}],"replies":[{"embeddable":true,"href":"https:\/\/www.blue-net.com.ar\/web\/wp-json\/wp\/v2\/comments?post=1582"}],"version-history":[{"count":7,"href":"https:\/\/www.blue-net.com.ar\/web\/wp-json\/wp\/v2\/pages\/1582\/revisions"}],"predecessor-version":[{"id":1971,"href":"https:\/\/www.blue-net.com.ar\/web\/wp-json\/wp\/v2\/pages\/1582\/revisions\/1971"}],"wp:attachment":[{"href":"https:\/\/www.blue-net.com.ar\/web\/wp-json\/wp\/v2\/media?parent=1582"}],"curies":[{"name":"wp","href":"https:\/\/api.w.org\/{rel}","templated":true}]}}