{"id":1776,"date":"2019-01-22T19:19:26","date_gmt":"2019-01-22T22:19:26","guid":{"rendered":"https:\/\/www.blue-net.com.ar\/web\/?page_id=1776"},"modified":"2019-01-22T22:21:54","modified_gmt":"2019-01-23T01:21:54","slug":"ofertas","status":"publish","type":"page","link":"https:\/\/www.blue-net.com.ar\/web\/ofertas\/","title":{"rendered":"Ofertas"},"content":{"rendered":"<p>[vc_row css=&#8221;.vc_custom_1444386097573{padding-bottom: 30px !important;}&#8221;][vc_column][vc_custom_heading text=&#8221;<strong>OFERTAS ESPECIALES<\/strong>&#8221; font_container=&#8221;tag:h2|text_align:center&#8221; use_theme_fonts=&#8221;yes&#8221; css=&#8221;.vc_custom_1548206061172{margin-bottom: 45px !important;}&#8221; link=&#8221;url:http%3A%2F%2Fwww.blue-net.com.ar%2Fweb%2Fcontact%2F|||&#8221;][vc_empty_space][\/vc_column][\/vc_row][vc_row css=&#8221;.vc_custom_1444385326165{padding-top: 50px !important;padding-bottom: 50px !important;background-color: #f0f0f0 !important;}&#8221;][vc_column width=&#8221;1\/4&#8243; animate=&#8221;fadeinup&#8221; time=&#8221;0.2&#8243; el_class=&#8221;text-center&#8221;]\r\n  <div class=\"about-us-links\">\r\n        <img src=\"https:\/\/www.blue-net.com.ar\/web\/wp-content\/uploads\/2015\/10\/server-features-5.png\">    <h3>Registramos .com gratis<\/h3>\r\n    <p>Te regalamos 1 a\u00f1o de registro del .com si contratas un <a href=\"https:\/\/www.blue-net.com.ar\/web\/dedicated-servers\/\">server dedicado<\/a><\/p>\r\n      <\/div>    \r\n\r\n  [\/vc_column][vc_column width=&#8221;1\/4&#8243;]\r\n  <div class=\"about-us-links\">\r\n        <img src=\"https:\/\/www.blue-net.com.ar\/web\/wp-content\/uploads\/2015\/10\/support_icon_1.png\">    <h3>Pack Email Marketing Comunicaci\u00f3n directa con tus clientes<\/h3>\r\n    <p>Incluye dise\u00f1o de tu correo, redacci\u00f3n profesional y 2<strong>000 env\u00edos sin vencimiento.<\/strong><\/p>\n<p>Usa el cup\u00f3n de descuento <span style=\"color: #ff9900;\">EM<\/span><\/p>\n<h1><span style=\"color: #0000ff;\">$ 5500<\/span><\/h1>\n<p><\/p>\r\n      <\/div>    \r\n\r\n  [\/vc_column][vc_column width=&#8221;1\/4&#8243;]\r\n  <div class=\"about-us-links\">\r\n        <img src=\"https:\/\/www.blue-net.com.ar\/web\/wp-content\/uploads\/2015\/12\/4.png\">    <h3>Web Hosting 6 meses<\/h3>\r\n    <p>Contrata el cualquier servicio de <a href=\"https:\/\/www.blue-net.com.ar\/web\/shared-hosting\/\">webhosting<\/a>\u00a0por 6 meses y te bonificamos el setup.<\/p>\n<p>Usa el cup\u00f3n de descuento <span style=\"color: #ff9900;\">SEUP<\/span><\/p>\r\n      <\/div>    \r\n\r\n  [\/vc_column][vc_column width=&#8221;1\/4&#8243;]\r\n  <div class=\"about-us-links\">\r\n        <img src=\"https:\/\/www.blue-net.com.ar\/web\/wp-content\/uploads\/2015\/10\/vps_step_1.png\">    <h3>Registro .com.ar gratis<\/h3>\r\n    <p>Te registramos un dominio .com.ar sin cargo, contratando cualquier <a href=\"https:\/\/www.blue-net.com.ar\/web\/cloud-vps\/\">Cloud Server<\/a> por 3 meses.<\/p>\n<p>Usa el cup\u00f3n de descuento <span style=\"color: #ff9900;\">COMAR<\/span><\/p>\r\n      <\/div>    \r\n\r\n  [\/vc_column][\/vc_row][vc_row css=&#8221;.vc_custom_1444386077205{padding-top: 70px !important;padding-bottom: 70px !important;}&#8221;][vc_column width=&#8221;1\/3&#8243; animate=&#8221;fadeinleft&#8221; time=&#8221;0.4&#8243;][\/vc_column][vc_column width=&#8221;1\/3&#8243;]\r\n  <ul class=\"connecticons\">\r\n    <li><a target=\"_blank\" href=\"https:\/\/www.facebook.com\/Blue-Net-Webhosting-Hosting-Minorista-y-Mayorista-84198839194\/\"><i class=\"fa fa-facebook\"><\/i><\/a><\/li> \r\n  <\/ul>  \r\n\r\n  [vc_empty_space][\/vc_column][vc_column width=&#8221;1\/3&#8243;][\/vc_column][\/vc_row][vc_row css=&#8221;.vc_custom_1445508267249{padding-top: 50px !important;padding-bottom: 50px !important;background-color: #f0f0f0 !important;}&#8221;][vc_column]\r\n  <div class=\"about-us-links\">\r\n        <img src=\"https:\/\/www.blue-net.com.ar\/web\/wp-content\/uploads\/2015\/12\/1.png\">    <h3>Testimonios<\/h3>\r\n    <p><\/p>\n<h3>Satisfacci\u00f3n total para\u00a0<strong>+100.000<\/strong>\u00a0importantes clientes<\/h3>\n<p><\/p>\r\n    <div class=\"cta-button\"><p><span><a href=\"https:\/\/www.blue-net.com.ar\/web\/testimonials\/\">Leer m\u00e1s<\/a><\/span><\/p><\/div>  <\/div>    \r\n\r\n  \r\n\t<div class=\"logos\">\r\n    \t                 \t\r\n\t        <div class=\"item\"><img src=\"https:\/\/www.blue-net.com.ar\/web\/wp-content\/uploads\/2015\/10\/3.png\" alt=\"3\"><\/div>\r\n                               \t\r\n\t        <div class=\"item\"><img src=\"https:\/\/www.blue-net.com.ar\/web\/wp-content\/uploads\/2015\/10\/4.png\" alt=\"4\"><\/div>\r\n                               \t\r\n\t        <div class=\"item\"><img src=\"https:\/\/www.blue-net.com.ar\/web\/wp-content\/uploads\/2015\/10\/5.png\" alt=\"5\"><\/div>\r\n                               \t\r\n\t        <div class=\"item\"><img src=\"https:\/\/www.blue-net.com.ar\/web\/wp-content\/uploads\/2015\/10\/6.png\" alt=\"6\"><\/div>\r\n                               \t\r\n\t        <div class=\"item\"><img src=\"https:\/\/www.blue-net.com.ar\/web\/wp-content\/uploads\/2015\/10\/7.png\" alt=\"7\"><\/div>\r\n                               \t\r\n\t        <div class=\"item\"><img src=\"https:\/\/www.blue-net.com.ar\/web\/wp-content\/uploads\/2015\/10\/8.png\" alt=\"8\"><\/div>\r\n                               \t\r\n\t        <div class=\"item\"><img src=\"https:\/\/www.blue-net.com.ar\/web\/wp-content\/uploads\/2015\/10\/9.png\" alt=\"9\"><\/div>\r\n                <\/div>\r\n\r\n  <script type=\"text\/javascript\">\r\n  (function($) {\r\n  \"use strict\";\r\n    $(\".logos\").owlCarousel({\r\n\r\n        autoPlay: 5000,\r\n        items: 6,\r\n        itemsDesktop: [1199, 6-1],\r\n        itemsDesktopSmall: [979, 6-2],\r\n        pagination: false\r\n\r\n    });\r\n  })(jQuery);\r\n  <\/script>     \r\n\r\n\t[vc_empty_space][\/vc_column][\/vc_row]<\/p>\n","protected":false},"excerpt":{"rendered":"<p>[vc_row css=&#8221;.vc_custom_1444386097573{padding-bottom: 30px !important;}&#8221;][vc_column][vc_custom_heading text=&#8221;OFERTAS ESPECIALES&#8221; font_container=&#8221;tag:h2|text_align:center&#8221; use_theme_fonts=&#8221;yes&#8221; css=&#8221;.vc_custom_1548206061172{margin-bottom: 45px !important;}&#8221; link=&#8221;url:http%3A%2F%2Fwww.blue-net.com.ar%2Fweb%2Fcontact%2F|||&#8221;][vc_empty_space][\/vc_column][\/vc_row][vc_row css=&#8221;.vc_custom_1444385326165{padding-top: 50px !important;padding-bottom: 50px !important;background-color: #f0f0f0 !important;}&#8221;][vc_column width=&#8221;1\/4&#8243; animate=&#8221;fadeinup&#8221; time=&#8221;0.2&#8243; el_class=&#8221;text-center&#8221;][\/vc_column][vc_column width=&#8221;1\/4&#8243;][\/vc_column][vc_column width=&#8221;1\/4&#8243;][\/vc_column][vc_column width=&#8221;1\/4&#8243;][\/vc_column][\/vc_row][vc_row css=&#8221;.vc_custom_1444386077205{padding-top: 70px !important;padding-bottom: 70px !important;}&#8221;][vc_column width=&#8221;1\/3&#8243; animate=&#8221;fadeinleft&#8221; time=&#8221;0.4&#8243;][\/vc_column][vc_column width=&#8221;1\/3&#8243;][vc_empty_space][\/vc_column][vc_column width=&#8221;1\/3&#8243;][\/vc_column][\/vc_row][vc_row css=&#8221;.vc_custom_1445508267249{padding-top: 50px !important;padding-bottom: 50px !important;background-color: #f0f0f0 !important;}&#8221;][vc_column][vc_empty_space][\/vc_column][\/vc_row]<\/p>\n","protected":false},"author":1,"featured_media":0,"parent":0,"menu_order":0,"comment_status":"closed","ping_status":"closed","template":"page-templates\/template-fullwidth.php","meta":[],"_links":{"self":[{"href":"https:\/\/www.blue-net.com.ar\/web\/wp-json\/wp\/v2\/pages\/1776"}],"collection":[{"href":"https:\/\/www.blue-net.com.ar\/web\/wp-json\/wp\/v2\/pages"}],"about":[{"href":"https:\/\/www.blue-net.com.ar\/web\/wp-json\/wp\/v2\/types\/page"}],"author":[{"embeddable":true,"href":"https:\/\/www.blue-net.com.ar\/web\/wp-json\/wp\/v2\/users\/1"}],"replies":[{"embeddable":true,"href":"https:\/\/www.blue-net.com.ar\/web\/wp-json\/wp\/v2\/comments?post=1776"}],"version-history":[{"count":14,"href":"https:\/\/www.blue-net.com.ar\/web\/wp-json\/wp\/v2\/pages\/1776\/revisions"}],"predecessor-version":[{"id":1797,"href":"https:\/\/www.blue-net.com.ar\/web\/wp-json\/wp\/v2\/pages\/1776\/revisions\/1797"}],"wp:attachment":[{"href":"https:\/\/www.blue-net.com.ar\/web\/wp-json\/wp\/v2\/media?parent=1776"}],"curies":[{"name":"wp","href":"https:\/\/api.w.org\/{rel}","templated":true}]}}