{"id":1800,"date":"2019-01-22T22:33:08","date_gmt":"2019-01-23T01:33:08","guid":{"rendered":"https:\/\/www.blue-net.com.ar\/web\/?page_id=1800"},"modified":"2019-01-30T16:35:00","modified_gmt":"2019-01-30T19:35:00","slug":"reseller","status":"publish","type":"page","link":"https:\/\/www.blue-net.com.ar\/web\/reseller\/","title":{"rendered":"Revendedor"},"content":{"rendered":"<p>[vc_row css=&#8221;.vc_custom_1444635714830{padding-top: 50px !important;padding-bottom: 50px !important;}&#8221;][vc_column][vc_column_text css=&#8221;.vc_custom_1548036561841{padding-bottom: 40px !important;}&#8221;]<\/p>\n<h2 style=\"text-align: center;\">PAGA POR MES, TRIMESTRE, SEMESTRE, ANUAL O BI-ANUAL<\/h2>\n<div class=\"wpb_column vc_column_container vc_col-sm-4\" style=\"text-align: center;\">\n<div class=\"vc_column-inner vc_custom_1476722800569\">\n<div class=\"wpb_wrapper\">\n<div class=\"iw-heading blackTitle style1 left-text\"><\/div>\n<div class=\"wpb_text_column wpb_content_element vc_custom_1527521933268\" style=\"text-align: center;\">\n<div class=\"wpb_wrapper\">\n<p style=\"text-align: left;\">\n<\/div>\n<\/div>\n<\/div>\n<\/div>\n<\/div>\n<div class=\"wpb_column vc_column_container vc_col-sm-4\">\n<div class=\"vc_column-inner vc_custom_1476722809741\">\n<div class=\"wpb_wrapper\">\n<div class=\"wpb_text_column wpb_content_element \">\n<div class=\"wpb_wrapper\">\n<div class=\"vc_column-inner vc_custom_1475585819521\">\n<div class=\"wpb_wrapper\">\n<div class=\"wpb_text_column wpb_content_element vc_custom_1479409124596\">\n<div class=\"wpb_wrapper\">\n<div class=\"pricebox animate-2 style3 style3 animate fadeInUp animated featured\">\n<div class=\"pricebox-header\">\n<div class=\"pricebox-header-content\" style=\"text-align: center;\"><\/div>\n<\/div>\n<\/div>\n<\/div>\n<\/div>\n<\/div>\n<\/div>\n<\/div>\n<\/div>\n<\/div>\n<\/div>\n<\/div>\n<p>[\/vc_column_text][vc_column_text]<\/p>\n<div class=\"iw-heading blackTitle style1 left-text\">\n<h3 class=\"iwh-title\" style=\"text-align: left;\">REVENDEDOR\u00a0<strong>HOSTING<\/strong><\/h3>\n<p class=\"iwh-content\" style=\"text-align: left;\"><b>Contrata ahora y obt\u00e9n tu sitio online en minutos.<\/b><\/p>\n<\/div>\n<div class=\"wpb_text_column wpb_content_element vc_custom_1527521933268\" style=\"text-align: center;\">\n<div class=\"wpb_wrapper\">\n<p style=\"text-align: left;\">Todos nuestros planes de Hosting REVENDEDOR cuentan con activaci\u00f3n inmediata y Soporte T\u00e9cnico 24\u00d77 mediante atenci\u00f3n telef\u00f3nica, chat y web ticket.<\/p>\n<\/div>\n<\/div>\n<p>[\/vc_column_text][\/vc_column][\/vc_row][vc_row css=&#8221;.vc_custom_1444643756659{padding-top: 50px !important;padding-bottom: 50px !important;background-color: #f8f8f8 !important;}&#8221;][vc_column animate=&#8221;fadeinup&#8221; time=&#8221;0.2&#8243;]\r\n    <div class=\"shared sharedfeatures-odd\">\r\n    <div class=\"row\">\r\n      <div class=\"col-sm-4\">\r\n        <div class=\"circle\"><i class=\"fa fa-globe\"><\/i><\/div>\r\n      <\/div>\r\n      <div class=\"col-sm-8\">\r\n        <\/p>\n<h2><strong>INSTALACIONES DE SOFTWARE DE UN CLIC<\/strong><\/h2>\n<p>El plan Hosting Multidominio cuenta con Installatron, un sistema que le permite instalar con pocos clics m\u00e1s de 145 aplicaciones como WordPress, Prestashop, Foros, Galer\u00edas de fotos, etc.      <\/div>\r\n    <\/div>\r\n  <\/div>\r\n  \r\n  [\/vc_column][\/vc_row][vc_row css=&#8221;.vc_custom_1444643909984{padding-top: 50px !important;padding-bottom: 50px !important;}&#8221;][vc_column animate=&#8221;fadeinup&#8221; time=&#8221;0.4&#8243;]\r\n    <div class=\"shared sharedfeatures-even\">\r\n    <div class=\"row\">\r\n      <div class=\"col-sm-4 col-sm-push-8\">\r\n        <div class=\"circle\"><i class=\"fa fa-random\"><\/i><\/div>\r\n      <\/div>\r\n      <div class=\"col-sm-8 col-sm-pull-4\">\r\n        <\/p>\n<h2><strong>TRES UBICACIONES EN TODO EL MUNDO<\/strong><\/h2>\n<ol>\n<li>Contamos con nuestro propio Centro de Datos en Espa\u00f1a, situado en El Puerto de Santa Mar\u00eda, C\u00e1diz.<\/li>\n<li>Contamos con nuestro propio Centro de Datos en Argentina, situado en CABA<\/li>\n<li>Contamos con nuestro propio Centro de Datos en USA, situado en Miami<\/li>\n<\/ol>\n<p>      <\/div>\r\n    <\/div>\r\n  <\/div>\r\n  \r\n  [\/vc_column][\/vc_row][vc_row css=&#8221;.vc_custom_1444643756659{padding-top: 50px !important;padding-bottom: 50px !important;background-color: #f8f8f8 !important;}&#8221;][vc_column animate=&#8221;fadeinup&#8221; time=&#8221;0.4&#8243;]\r\n    <div class=\"shared sharedfeatures-odd\">\r\n    <div class=\"row\">\r\n      <div class=\"col-sm-4\">\r\n        <div class=\"circle\"><i class=\"fa fa-thumbs-o-up\"><\/i><\/div>\r\n      <\/div>\r\n      <div class=\"col-sm-8\">\r\n        <\/p>\n<h2><strong>24\/7 SOPORTE T\u00c9CNICO<\/strong><\/h2>\n<p>Nuestro departamento de Soporte T\u00e9cnico\u00a0est\u00e1 disponible las 24 horas,\u00a0durante todo el a\u00f1o, festivos incluidos.      <\/div>\r\n    <\/div>\r\n  <\/div>\r\n  \r\n  [\/vc_column][\/vc_row][vc_row css=&#8221;.vc_custom_1444643933799{padding-top: 50px !important;padding-bottom: 50px !important;}&#8221;][vc_column animate=&#8221;fadeinup&#8221; time=&#8221;0.4&#8243;]\r\n    <div class=\"shared sharedfeatures-even\">\r\n    <div class=\"row\">\r\n      <div class=\"col-sm-4 col-sm-push-8\">\r\n        <div class=\"circle\"><i class=\"fa fa-hdd-o\"><\/i><\/div>\r\n      <\/div>\r\n      <div class=\"col-sm-8 col-sm-pull-4\">\r\n        <\/p>\n<h2><strong>SSD Drives<\/strong><\/h2>\n<h1>Servidores web con discos SSD<\/h1>\n<p>Acceso a la informaci\u00f3n en tiempo r\u00e9cord<\/p>\n<p>En Blue-Net Webhosting hemos equipado nuevos servidores con\u00a0<strong>discos s\u00f3lidos SSD<\/strong>\u00a0que hacen que el tiempo de acceso a las peticiones de lectura y escritura se sirvan en una fracci\u00f3n del tiempo y est\u00e9n disponibles para ser procesadas en tiempo r\u00e9cord.      <\/div>\r\n    <\/div>\r\n  <\/div>\r\n  \r\n  [\/vc_column][\/vc_row][vc_row][vc_column width=&#8221;1\/3&#8243;]\r\n  <div class=\"comparison \">\r\n    <div class=\"title-alt\">RESELLER PACK 25<\/div>\r\n    <div class=\"pricing-table alter \">\r\n    <\/p>\n<ul>\n<li><i class=\"fa fa-user\"><\/i>25\u00a0Cuentas<\/li>\n<li><i class=\"fa fa-lock\"><\/i>Certificados SSL incluido<\/li>\n<li><i class=\"fa fa-envelope\"><\/i>Correo ilimitado<\/li>\n<li><i class=\"fa fa-server\"><\/i>10 GB Espacio<\/li>\n<li><i class=\"fa fa-upload\"><\/i>500 GB Transferencia<\/li>\n<li><i class=\"fa fa-database\"><\/i>Bases de Datos<\/li>\n<li><i class=\"fa fa-edit\"><\/i>Panel marca blanca<\/li>\n<\/ul>\n<div class=\"price\"><span>$960 * <sub>MENSUAL<\/sub><\/span><\/div>    <li class=\"cta-button\"><p><span><a href=\"http:\/\/www.blue-net.com.ar\/clientes\/order.php?step=1&#038;productGroup=36&#038;product=274\">Contratar<\/a><\/span><\/p><\/li>    <\/div>\r\n  <\/div>\r\n\r\n  [\/vc_column][vc_column width=&#8221;1\/3&#8243;]\r\n  <div class=\"comparison \">\r\n    <div class=\"title-alt\">RESELLER PACK 50<\/div>\r\n    <div class=\"pricing-table alter \">\r\n    <\/p>\n<ul>\n<li><i class=\"fa fa-user\"><\/i>50\u00a0Cuentas<\/li>\n<li><i class=\"fa fa-lock\"><\/i>Certificados SSL incluido<\/li>\n<li><i class=\"fa fa-envelope\"><\/i>Correo ilimitado<\/li>\n<li><i class=\"fa fa-server\"><\/i>20 GB Espacio<\/li>\n<li><i class=\"fa fa-upload\"><\/i>1 TB Transferencia<\/li>\n<li><i class=\"fa fa-database\"><\/i>Bases de Datos<\/li>\n<li><i class=\"fa fa-edit\"><\/i>Panel marca blanca<\/li>\n<\/ul>\n<div class=\"price\"><span>$1330 * <sub>MENSUAL<\/sub><\/span><\/div>    <li class=\"cta-button\"><p><span><a href=\"http:\/\/www.blue-net.com.ar\/clientes\/order.php?step=1&#038;productGroup=36&#038;product=275\">Contratar<\/a><\/span><\/p><\/li>    <\/div>\r\n  <\/div>\r\n\r\n  [\/vc_column][vc_column width=&#8221;1\/3&#8243;]\r\n  <div class=\"comparison \">\r\n    <div class=\"title-alt\">RESELLER PACK 100<\/div>\r\n    <div class=\"pricing-table alter \">\r\n    <\/p>\n<ul>\n<li><i class=\"fa fa-user\"><\/i>100\u00a0Cuentas<\/li>\n<li><i class=\"fa fa-lock\"><\/i>Certificados SSL incluido<\/li>\n<li><i class=\"fa fa-envelope\"><\/i>Correo ilimitado<\/li>\n<li><i class=\"fa fa-server\"><\/i>40 GB Espacio<\/li>\n<li><i class=\"fa fa-upload\"><\/i>2 TB Transferencia<\/li>\n<li><i class=\"fa fa-database\"><\/i>Bases de Datos<\/li>\n<li><i class=\"fa fa-edit\"><\/i>Panel marca blanca<\/li>\n<\/ul>\n<div class=\"price\"><span>$1516 * <sub>MENSUAL<\/sub><\/span><\/div>    <li class=\"cta-button\"><p><span><a href=\"http:\/\/www.blue-net.com.ar\/clientes\/order.php?step=1&#038;productGroup=36&#038;product=276\">Contratar<\/a><\/span><\/p><\/li>    <\/div>\r\n  <\/div>\r\n\r\n  [\/vc_column][\/vc_row][vc_row][vc_column][vc_empty_space][vc_column_text]<\/p>\n<h4 style=\"text-align: center;\"><span style=\"color: #ff9900;\"><strong>Los valores no incluyen IVA. Conoce nuestros.<\/strong><\/span><\/h4>\n<h4 style=\"text-align: center;\"><span style=\"color: #ff9900;\"><strong><br \/>\n* Promoci\u00f3n v\u00e1lida s\u00f3lo para nuevas altas, \u00fanicamente contrataciones online en pago anual.<\/strong><\/span><\/h4>\n<p>[\/vc_column_text][\/vc_column][\/vc_row]<\/p>\n","protected":false},"excerpt":{"rendered":"<p>[vc_row css=&#8221;.vc_custom_1444635714830{padding-top: 50px !important;padding-bottom: 50px !important;}&#8221;][vc_column][vc_column_text css=&#8221;.vc_custom_1548036561841{padding-bottom: 40px !important;}&#8221;] PAGA POR MES, TRIMESTRE, SEMESTRE, ANUAL O BI-ANUAL [\/vc_column_text][vc_column_text] REVENDEDOR\u00a0HOSTING Contrata ahora y obt\u00e9n tu sitio online en minutos. Todos nuestros planes de Hosting REVENDEDOR cuentan con activaci\u00f3n inmediata y Soporte T\u00e9cnico 24\u00d77 mediante atenci\u00f3n telef\u00f3nica, chat y web ticket. [\/vc_column_text][\/vc_column][\/vc_row][vc_row css=&#8221;.vc_custom_1444643756659{padding-top: 50px !important;padding-bottom: 50px !important;background-color: #f8f8f8 !important;}&#8221;][vc_column animate=&#8221;fadeinup&#8221; time=&#8221;0.2&#8243;][\/vc_column][\/vc_row][vc_row css=&#8221;.vc_custom_1444643909984{padding-top: 50px !important;padding-bottom: 50px !important;}&#8221;][vc_column animate=&#8221;fadeinup&#8221; time=&#8221;0.4&#8243;][\/vc_column][\/vc_row][vc_row css=&#8221;.vc_custom_1444643756659{padding-top: 50px !important;padding-bottom: 50px !important;background-color: #f8f8f8 !important;}&#8221;][vc_column animate=&#8221;fadeinup&#8221; time=&#8221;0.4&#8243;][\/vc_column][\/vc_row][vc_row [&hellip;]<\/p>\n","protected":false},"author":1,"featured_media":0,"parent":0,"menu_order":0,"comment_status":"closed","ping_status":"closed","template":"page-templates\/template-fullwidth.php","meta":[],"_links":{"self":[{"href":"https:\/\/www.blue-net.com.ar\/web\/wp-json\/wp\/v2\/pages\/1800"}],"collection":[{"href":"https:\/\/www.blue-net.com.ar\/web\/wp-json\/wp\/v2\/pages"}],"about":[{"href":"https:\/\/www.blue-net.com.ar\/web\/wp-json\/wp\/v2\/types\/page"}],"author":[{"embeddable":true,"href":"https:\/\/www.blue-net.com.ar\/web\/wp-json\/wp\/v2\/users\/1"}],"replies":[{"embeddable":true,"href":"https:\/\/www.blue-net.com.ar\/web\/wp-json\/wp\/v2\/comments?post=1800"}],"version-history":[{"count":9,"href":"https:\/\/www.blue-net.com.ar\/web\/wp-json\/wp\/v2\/pages\/1800\/revisions"}],"predecessor-version":[{"id":1964,"href":"https:\/\/www.blue-net.com.ar\/web\/wp-json\/wp\/v2\/pages\/1800\/revisions\/1964"}],"wp:attachment":[{"href":"https:\/\/www.blue-net.com.ar\/web\/wp-json\/wp\/v2\/media?parent=1800"}],"curies":[{"name":"wp","href":"https:\/\/api.w.org\/{rel}","templated":true}]}}