{"id":1807,"date":"2019-01-22T22:45:38","date_gmt":"2019-01-23T01:45:38","guid":{"rendered":"https:\/\/www.blue-net.com.ar\/web\/?page_id=1807"},"modified":"2019-01-30T11:09:56","modified_gmt":"2019-01-30T14:09:56","slug":"registro","status":"publish","type":"page","link":"https:\/\/www.blue-net.com.ar\/web\/registro\/","title":{"rendered":"Registro de Pagos"},"content":{"rendered":"<p>[vc_row css=&#8221;.vc_custom_1444386097573{padding-bottom: 30px !important;}&#8221;][vc_column][vc_column_text]<\/p>\n<h2>Registre su pago del servicio <a href=\"https:\/\/www.blue-net.com.ar\/web\/pagos.html\">aqu\u00ed<\/a><\/h2>\n<p>[\/vc_column_text][\/vc_column][\/vc_row][vc_row css=&#8221;.vc_custom_1444385326165{padding-top: 50px !important;padding-bottom: 50px !important;background-color: #f0f0f0 !important;}&#8221;][vc_column animate=&#8221;fadeinup&#8221; time=&#8221;0.2&#8243; el_class=&#8221;text-center&#8221;][vc_custom_heading text=&#8221;<strong>CONECTATE CON NOSOTROS<\/strong>&#8221; font_container=&#8221;tag:h2|text_align:center&#8221; use_theme_fonts=&#8221;yes&#8221; css=&#8221;.vc_custom_1548021509741{margin-bottom: 45px !important;}&#8221; link=&#8221;url:http%3A%2F%2Fwww.blue-net.com.ar%2Fweb%2Fcontact%2F|||&#8221;]\r\n  <ul class=\"connecticons\">\r\n    <li><a target=\"_blank\" href=\"https:\/\/www.facebook.com\/Blue-Net-Webhosting-Hosting-Minorista-y-Mayorista-84198839194\/\"><i class=\"fa fa-facebook\"><\/i><\/a><\/li> \r\n  <\/ul>  \r\n\r\n  [\/vc_column][\/vc_row][vc_row css=&#8221;.vc_custom_1444386077205{padding-top: 70px !important;padding-bottom: 70px !important;}&#8221;][vc_column width=&#8221;1\/3&#8243; animate=&#8221;fadeinleft&#8221; time=&#8221;0.2&#8243;]\r\n  <div class=\"about-us-links\">\r\n    <i class=\"fa fa-file-text\"><\/i>        <h3>Quienes Somos<\/h3>\r\n    <p><\/p>\n<div class=\"iw-heading blackTitle style2 \">\n<p class=\"iwh-content\">ESPECIALISTAS EN BRINDAR SOLUCIONES EN LA NUBE<\/p>\n<\/div>\n<div class=\"wpb_text_column wpb_content_element vc_custom_1547730747018\">\n<div class=\"wpb_wrapper\">\n<p><strong>En Blue-Net Webhosting tenemos como premisa brindar las mejores soluciones y servicios en la nube, comprometi\u00e9ndonos a garantizar d\u00eda a d\u00eda tu experiencia con nosotros.<\/strong><\/p>\n<p>Formamos Blue-Net Webhosting a partir de la uni\u00f3n de las dos principales compa\u00f1\u00edas de servicios de\u00a0internet y alojamiento web de Am\u00e9rica Latina: MilHosting y Blue-Net Webhosting. Logramos de\u00a0esta forma proveer servicios con la m\u00e1s alta tecnolog\u00eda existente en el mercado avalados por\u00a0una experiencia de m\u00e1s de 15 a\u00f1os en la actividad.<\/p>\n<p><strong>Nos encontramos dedicados exclusivamente a brindar Soluciones en la nube, implementando siempre los \u00faltimos avances tecnol\u00f3gicos que ofrezcan servicios de m\u00e1ximo nivel. Nuestra infraestructura, recursos y experiencia le permitir\u00e1, a tu negocio o empresa, obtener una clara ventaja competitiva en la nueva econom\u00eda digital.<\/strong><\/p>\n<p><strong>Nuestro trabajo se centra en el cliente. Nuestro objetivo es darte una atenci\u00f3n personalizada.<\/strong><\/p>\n<p>Buscamos cubrir tus necesidades, no s\u00f3lo desde el punto de vista del producto ofrecido, sino desde un marco mucho m\u00e1s amplio, haciendo hincapi\u00e9 en el profesionalismo, asesoramiento t\u00e9cnico, honestidad, seguridad e innovaci\u00f3n permanente. Tenemos la firme convicci\u00f3n de que estos valores nos permiten crear v\u00ednculos a largo plazo y relaciones duraderas con cada uno de nuestros clientes.<\/p>\n<\/div>\n<\/div>\n<p><\/p>\r\n    <div class=\"cta-button\"><p><span><a href=\"https:\/\/www.blue-net.com.ar\/web\/contact\/\">Contactanos<\/a><\/span><\/p><\/div>  <\/div>    \r\n\r\n  [\/vc_column][vc_column width=&#8221;1\/3&#8243; animate=&#8221;fadeinleft&#8221; time=&#8221;0.4&#8243;]\r\n  <div class=\"about-us-links\">\r\n    <i class=\"fa fa-twitch\"><\/i>        <h3>Testimonios<\/h3>\r\n    <p><\/p>\n<h3>Satisfacci\u00f3n total para\u00a0<strong>+100.000<\/strong>\u00a0importantes clientes<\/h3>\n<p><\/p>\r\n    <div class=\"cta-button\"><p><span><a href=\"https:\/\/www.blue-net.com.ar\/web\/testimonials\/\">Leer m\u00e1s<\/a><\/span><\/p><\/div>  <\/div>    \r\n\r\n  [\/vc_column][vc_column width=&#8221;1\/3&#8243; animate=&#8221;fadeinleft&#8221; time=&#8221;0.6&#8243;]\r\n  <div class=\"about-us-links\">\r\n    <i class=\"fa fa-envelope\"><\/i>        <h3>Contacto<\/h3>\r\n    <p>Puede contactarnos por medio de los medios<\/p>\r\n    <div class=\"cta-button\"><p><span><a href=\"https:\/\/www.blue-net.com.ar\/web\/contact\/\">Leer m\u00e1s<\/a><\/span><\/p><\/div>  <\/div>    \r\n\r\n  [\/vc_column][\/vc_row][vc_row css=&#8221;.vc_custom_1445508267249{padding-top: 50px !important;padding-bottom: 50px !important;background-color: #f0f0f0 !important;}&#8221;][vc_column]\r\n\t<div class=\"logos\">\r\n    \t                 \t\r\n\t        <div class=\"item\"><img src=\"https:\/\/www.blue-net.com.ar\/web\/wp-content\/uploads\/2015\/10\/3.png\" alt=\"3\"><\/div>\r\n                               \t\r\n\t        <div class=\"item\"><img src=\"https:\/\/www.blue-net.com.ar\/web\/wp-content\/uploads\/2015\/10\/4.png\" alt=\"4\"><\/div>\r\n                               \t\r\n\t        <div class=\"item\"><img src=\"https:\/\/www.blue-net.com.ar\/web\/wp-content\/uploads\/2015\/10\/5.png\" alt=\"5\"><\/div>\r\n                               \t\r\n\t        <div class=\"item\"><img src=\"https:\/\/www.blue-net.com.ar\/web\/wp-content\/uploads\/2015\/10\/6.png\" alt=\"6\"><\/div>\r\n                               \t\r\n\t        <div class=\"item\"><img src=\"https:\/\/www.blue-net.com.ar\/web\/wp-content\/uploads\/2015\/10\/7.png\" alt=\"7\"><\/div>\r\n                               \t\r\n\t        <div class=\"item\"><img src=\"https:\/\/www.blue-net.com.ar\/web\/wp-content\/uploads\/2015\/10\/8.png\" alt=\"8\"><\/div>\r\n                               \t\r\n\t        <div class=\"item\"><img src=\"https:\/\/www.blue-net.com.ar\/web\/wp-content\/uploads\/2015\/10\/9.png\" alt=\"9\"><\/div>\r\n                <\/div>\r\n\r\n  <script type=\"text\/javascript\">\r\n  (function($) {\r\n  \"use strict\";\r\n    $(\".logos\").owlCarousel({\r\n\r\n        autoPlay: 5000,\r\n        items: 6,\r\n        itemsDesktop: [1199, 6-1],\r\n        itemsDesktopSmall: [979, 6-2],\r\n        pagination: false\r\n\r\n    });\r\n  })(jQuery);\r\n  <\/script>     \r\n\r\n\t[\/vc_column][\/vc_row]<\/p>\n","protected":false},"excerpt":{"rendered":"<p>[vc_row css=&#8221;.vc_custom_1444386097573{padding-bottom: 30px !important;}&#8221;][vc_column][vc_column_text] Registre su pago del servicio aqu\u00ed [\/vc_column_text][\/vc_column][\/vc_row][vc_row css=&#8221;.vc_custom_1444385326165{padding-top: 50px !important;padding-bottom: 50px !important;background-color: #f0f0f0 !important;}&#8221;][vc_column animate=&#8221;fadeinup&#8221; time=&#8221;0.2&#8243; el_class=&#8221;text-center&#8221;][vc_custom_heading text=&#8221;CONECTATE CON NOSOTROS&#8221; font_container=&#8221;tag:h2|text_align:center&#8221; use_theme_fonts=&#8221;yes&#8221; css=&#8221;.vc_custom_1548021509741{margin-bottom: 45px !important;}&#8221; link=&#8221;url:http%3A%2F%2Fwww.blue-net.com.ar%2Fweb%2Fcontact%2F|||&#8221;][\/vc_column][\/vc_row][vc_row css=&#8221;.vc_custom_1444386077205{padding-top: 70px !important;padding-bottom: 70px !important;}&#8221;][vc_column width=&#8221;1\/3&#8243; animate=&#8221;fadeinleft&#8221; time=&#8221;0.2&#8243;][\/vc_column][vc_column width=&#8221;1\/3&#8243; animate=&#8221;fadeinleft&#8221; time=&#8221;0.4&#8243;][\/vc_column][vc_column width=&#8221;1\/3&#8243; animate=&#8221;fadeinleft&#8221; time=&#8221;0.6&#8243;][\/vc_column][\/vc_row][vc_row css=&#8221;.vc_custom_1445508267249{padding-top: 50px !important;padding-bottom: 50px !important;background-color: #f0f0f0 !important;}&#8221;][vc_column][\/vc_column][\/vc_row]<\/p>\n","protected":false},"author":1,"featured_media":0,"parent":0,"menu_order":0,"comment_status":"closed","ping_status":"closed","template":"page-templates\/template-fullwidth.php","meta":[],"_links":{"self":[{"href":"https:\/\/www.blue-net.com.ar\/web\/wp-json\/wp\/v2\/pages\/1807"}],"collection":[{"href":"https:\/\/www.blue-net.com.ar\/web\/wp-json\/wp\/v2\/pages"}],"about":[{"href":"https:\/\/www.blue-net.com.ar\/web\/wp-json\/wp\/v2\/types\/page"}],"author":[{"embeddable":true,"href":"https:\/\/www.blue-net.com.ar\/web\/wp-json\/wp\/v2\/users\/1"}],"replies":[{"embeddable":true,"href":"https:\/\/www.blue-net.com.ar\/web\/wp-json\/wp\/v2\/comments?post=1807"}],"version-history":[{"count":5,"href":"https:\/\/www.blue-net.com.ar\/web\/wp-json\/wp\/v2\/pages\/1807\/revisions"}],"predecessor-version":[{"id":1923,"href":"https:\/\/www.blue-net.com.ar\/web\/wp-json\/wp\/v2\/pages\/1807\/revisions\/1923"}],"wp:attachment":[{"href":"https:\/\/www.blue-net.com.ar\/web\/wp-json\/wp\/v2\/media?parent=1807"}],"curies":[{"name":"wp","href":"https:\/\/api.w.org\/{rel}","templated":true}]}}