{"id":1985,"date":"2019-02-05T14:06:53","date_gmt":"2019-02-05T17:06:53","guid":{"rendered":"https:\/\/www.blue-net.com.ar\/web\/?page_id=1985"},"modified":"2019-02-05T14:06:53","modified_gmt":"2019-02-05T17:06:53","slug":"tos2","status":"publish","type":"page","link":"https:\/\/www.blue-net.com.ar\/web\/tos2\/","title":{"rendered":"T\u00e9rminos de Servicios Generales"},"content":{"rendered":"<p>[vc_row css=&#8221;.vc_custom_1444386097573{padding-bottom: 30px !important;}&#8221;][vc_column][vc_column_text css=&#8221;.vc_custom_1549387372690{padding-top: 50px !important;padding-bottom: 50px !important;}&#8221;]<\/p>\n<p align=\"justify\">Toda aquella persona u organizaci\u00f3n que adquiera uno de los servicios ofrecidos por Blue-Net Webhosting, acepta las siguientes condiciones:<\/p>\n<p align=\"justify\"><strong>1<\/strong>. Blue-Net Webhosting se reserva el derecho de inhabilitar totalmente sin previo aviso toda cuenta que no cumpla con los requisitos estipulados en dicha declaraci\u00f3n de T\u00e9rminos y condiciones Generales del Servicio y se reserva el derecho a suspender o modificar la presente.<\/p>\n<p align=\"justify\"><strong>2<\/strong>. Todos los servicios que proporciona Blue-Net Webhosting podr\u00e1n ser utilizados solamente con prop\u00f3sitos legales. Se proh\u00edbe cualquier transmisi\u00f3n, almacenamiento, o presentaci\u00f3n de informaci\u00f3n, datos o material que viole las leyes regionales, provinciales o nacionales de Argentina. Esto incluye, pero no se limita a: materiales con derecho de autor, material que consideremos amenazador u obsceno, o material protegido por secreto de comercio u otro estatuto. Queda prohibida la pornograf\u00eda infantil o cualquier mercadotecnia relacionada, entendi\u00e9ndose tal c\u00f3mo a cualquier tipo de desnudo, tanto parcial como total en los servidores de Blue-Net Webhosting. Esto incluye a los sitios que puedan inferir contenido sexual ilegal, o v\u00ednculos a otros sitios con contenido para adultos ilegal.<br \/>\nEl incumplimiento de lo dispuesto en la presente cl\u00e1usula dar\u00e1 derecho a Blue-Net Webhosting resolver unilateralmente la prestaci\u00f3n del servicio, sin previo aviso ni derecho a indemnizaci\u00f3n alguna.<br \/>\nDe igual manera se proh\u00edben los sitios que promuevan cualquier contenido o actividad ilegal que pueda da\u00f1ar los servidores de Blue-Net Webhosting o cualquier otro servidor de Internet.<\/p>\n<p align=\"justify\"><strong>3<\/strong>. Blue-Net Webhosting puede libremente mandar mensajes a sus clientes anunci\u00e1ndoles nuevos servicios o mejoras.<\/p>\n<p align=\"justify\"><strong>4<\/strong>. Las caracter\u00edsticas de cada servicio pueden variar, siendo notificadas \u00e9stas con anterioridad a los clientes.<\/p>\n<p align=\"justify\"><strong>5<\/strong>. Blue-Net Webhosting proporcionar\u00e1 soporte t\u00e9cnico al Cliente v\u00eda correo electr\u00f3nico cuando sea necesario y llevar\u00e1 a cabo los cuidados necesarios para la apropiada operaci\u00f3n y accesibilidad de los servidores en Internet.<\/p>\n<p align=\"justify\"><strong>6<\/strong>. Pol\u00edtica Sobre Pagos: los pagos deber\u00e1n realizarse por per\u00edodo adelantado por medio de cualquier medio de pago habilitado para dicho efecto, quedando el comprobante como constancia de pago del servicio. Blue-Net Webhosting no se hace cargo del gasto de env\u00edo de la factura, el cliente si necesita la constancia deber\u00e1 abonar el costo del env\u00edo. Igualmente es uso de Blue-Net Webhosting el env\u00edo por E-Mail de una orden de pago para el per\u00edodo en cuesti\u00f3n. Aunque Blue-Net Webhosting se reserva el derecho de cambiar el precio de las cuentas o servicios en cualquier momento, los precios est\u00e1n garantizados por el per\u00edodo que haya abonado por adelantado.<\/p>\n<p align=\"justify\">Pagos atrasados de los servicios contratados:<\/p>\n<p align=\"justify\">10 d\u00edas de atraso &#8211; Suspensi\u00f3n total del servicio.<br \/>\n30 d\u00edas de atraso &#8211; Eliminaci\u00f3n f\u00edsica de la cuenta en los servidores.<\/p>\n<p align=\"justify\"><strong>7<\/strong>. Aquellos usuarios que se den de baja o se cambien a otro de nuestros servicios, no tendr\u00e1n derecho a reclamar ninguna devoluci\u00f3n de importes.<\/p>\n<p align=\"justify\"><strong>8<\/strong>. El software y hardware empleado por los usuarios para gestionar dicho acceso o mantenimiento de su web son responsabilidad del usuario y de las empresas que lo comercialicen.<\/p>\n<p align=\"justify\"><strong>9<\/strong>. A aquellos usuarios que atenten contra las reglas de convivencia de Internet, env\u00eden mensajes bomba, generen propaganda incontrolada (SPAM), o ejerzan cualquier otra actividad ilegal encaminada a perjudicar a un usuario, sistema, o grupo de sistemas de Internet, les ser\u00e1 inmediatamente retirado el acceso a los servidores, perdiendo el usuario todo derecho a reclamar a Blue-Net Webhosting por dicha acci\u00f3n.<br \/>\nSi usted no esta seguro de si sus acciones violan estas normas, por favor consulte con Ventas<\/p>\n<p align=\"justify\"><strong>10<\/strong>. Est\u00e1 prohibido usar programas que sobrecarguen el funcionamiento de los servidores, al igual que est\u00e1 prohibido todo tipo de abuso hacia el funcionamiento de los mismos<\/p>\n<p align=\"justify\"><strong>11<\/strong>. Se acepta expresamente por el cliente que Blue-Net Webhosting no puede garantizar que la disponibilidad del servidor ser\u00e1 continua e ininterrumpida debido a la posibilidad de problemas en la red de Internet, aver\u00edas en los equipos servidores y otras posibles contingencias imprevisibles. Asimismo, en el caso de servidores virtuales, al compartirse una misma m\u00e1quina entre varios clientes, pueden producirse problemas t\u00e9cnicos imputables a terceros y que no son imputables a Blue-Net Webhosting. En consecuencia, el cliente renuncia expresamente a reclamar cualquier responsabilidad contractual o extracontractual, o da\u00f1os y perjuicios a Blue-Net Webhosting por posibles fallos, lentitud o errores en el acceso y uso del servicio debidos a problemas en la red de Internet, aver\u00edas en los equipos servidores u otras posibles contingencias imprevisibles.<\/p>\n<p align=\"justify\"><strong>12<\/strong>. No obstante lo anterior, si Blue-Net Webhosting incumpliera los compromisos asumidos en estos T\u00e9rminos y Condiciones Generales por prestar un servicio ineficiente por un periodo superior a 48 horas, la responsabilidad por da\u00f1os y perjuicios exigible a Blue-Net Webhosting se limitar\u00e1, como m\u00e1ximo, al importe total cobrado del cliente por los servicios prestados durante dicho periodo. En ning\u00fan caso podr\u00e1 el cliente exigir a Blue-Net Webhosting responsabilidades por da\u00f1os y perjuicios derivados de la p\u00e9rdida total o parcial de la informaci\u00f3n, o de la interrupci\u00f3n de su negocio o por da\u00f1os y perjuicios a terceros, sean directos o indirectos.<\/p>\n<p align=\"justify\"><strong>13<\/strong>. Si alguna de las partes provoca alguna acci\u00f3n legal en cuanto al asunto de estos T\u00e9rminos y Condiciones Generales del Servicio, cada parte se har\u00e1 responsable de los honorarios de sus abogados, costos legales y gastos en general en los que haya incurrido.<\/p>\n<p align=\"justify\"><strong>14<\/strong>. Blue-Net Webhosting no ser\u00e1 responsable de los da\u00f1os directos o indirectos causados por infortunio, actos de gobierno, insurrecci\u00f3n, alboroto, disturbio civil, interrupciones del servicio el\u00e9ctrico, o interrupciones sufridas por una red de trabajo privada intermediaria sobre cuyas instalaciones se lleve a cabo el tr\u00e1fico del Servidor WEB del Cliente desde y hacia el Servidor WEB proporcionado por Blue-Net Webhosting.<\/p>\n<p align=\"justify\"><strong>15<\/strong>. El cliente certifica que es mayor de 18 a\u00f1os, sino lo fuera tendr\u00eda que designar a un cotitular mayor de 18 a\u00f1os.<\/p>\n<p align=\"justify\"><strong>16<\/strong>. Aunque Blue-Net Webhosting realiza peri\u00f3dicamente copias de seguridad de la informaci\u00f3n de los clientes, Blue-Net Webhosting no se hace responsable en los casos de p\u00e9rdida o borrado accidental de datos, sea por la causa que sea. De igual manera Blue-Net Webhosting no garantiza la reposici\u00f3n total de la Informaci\u00f3n en cuanto a los cambios que hayan podido producirse entre la \u00faltima copia y el borrado. El cliente acepta expresamente que, en el caso de p\u00e9rdida de la informaci\u00f3n, la provisi\u00f3n de la copia de seguridad con el fin de reponer dicha Informaci\u00f3n corre de su cuenta y riesgo.<\/p>\n<p align=\"justify\"><strong>17<\/strong>. Adicionalmente a los supuestos de suspensi\u00f3n o terminaci\u00f3n de la prestaci\u00f3n del servicio regulados en estas Condiciones Generales, Blue-Net Webhosting podr\u00e1 interrumpir de forma temporal el almacenamiento de la Informaci\u00f3n en sus Servidores, o la disponibilidad de la misma por parte de los usuarios de Internet, por motivos de seguridad, o por reestructuraci\u00f3n de los recursos inform\u00e1ticos de Blue-Net Webhosting destinada a mejorar sus servicios de almacenamiento y puesta a disposici\u00f3n de informaci\u00f3n a trav\u00e9s de Internet. En tal caso Blue-Net Webhosting deber\u00e1 intentar, de buena fe, que tales interrupciones afecten de forma m\u00ednima al cliente. Blue-Net Webhosting no responder\u00e1 de los perjuicios causados por dichas interrupciones, si \u00e9stas han sido comunicadas al cliente con una antelaci\u00f3n m\u00ednima de 36 horas<br \/>\nEstos son los T\u00e9rminos del Servicio en su totalidad. Cualquier alteraci\u00f3n, modificaci\u00f3n, o renuncia a cualquiera de las disposiciones de estos T\u00e9rminos del Servicio no ser\u00e1 v\u00e1lida a menos que sea expresada de manera escrita y acompa\u00f1ada de la firma de ambas partes.<\/p>\n<p align=\"justify\"><strong>18<\/strong>. Dado que en ocasiones puede verse comprometida la seguridad de los datos alojados en los servidores, oportunamente trabajamos con versiones de soft que no presenten fallas de seguridad conocidas, esto lo regulamos con nuestras\u00a0<a href=\"https:\/\/www.blue-net.com.ar\/web\/pur\/\">pol\u00edticas de utilizaci\u00f3n de recursos<\/a><\/p>\n<p>[\/vc_column_text][\/vc_column][\/vc_row][vc_row css=&#8221;.vc_custom_1444385326165{padding-top: 50px !important;padding-bottom: 50px !important;background-color: #f0f0f0 !important;}&#8221;][vc_column animate=&#8221;fadeinup&#8221; time=&#8221;0.2&#8243; el_class=&#8221;text-center&#8221;][vc_custom_heading text=&#8221;<strong>CONECTATE CON NOSOTROS<\/strong>&#8221; font_container=&#8221;tag:h2|text_align:center&#8221; use_theme_fonts=&#8221;yes&#8221; css=&#8221;.vc_custom_1548021509741{margin-bottom: 45px !important;}&#8221; link=&#8221;url:http%3A%2F%2Fwww.blue-net.com.ar%2Fweb%2Fcontact%2F|||&#8221;]\r\n  <ul class=\"connecticons\">\r\n    <li><a target=\"_blank\" href=\"https:\/\/www.facebook.com\/Blue-Net-Webhosting-Hosting-Minorista-y-Mayorista-84198839194\/\"><i class=\"fa fa-facebook\"><\/i><\/a><\/li> \r\n  <\/ul>  \r\n\r\n  [\/vc_column][\/vc_row][vc_row css=&#8221;.vc_custom_1444386077205{padding-top: 70px !important;padding-bottom: 70px !important;}&#8221;][vc_column width=&#8221;1\/3&#8243; animate=&#8221;fadeinleft&#8221; time=&#8221;0.4&#8243;]\r\n  <div class=\"about-us-links\">\r\n    <i class=\"fa fa-twitch\"><\/i>        <h3>Testimonios<\/h3>\r\n    <p><\/p>\n<h3>Satisfacci\u00f3n total para\u00a0<strong>+100.000<\/strong>\u00a0importantes clientes<\/h3>\n<p><\/p>\r\n    <div class=\"cta-button\"><p><span><a href=\"https:\/\/www.blue-net.com.ar\/web\/testimonials\/\">Leer m\u00e1s<\/a><\/span><\/p><\/div>  <\/div>    \r\n\r\n  [\/vc_column][vc_column width=&#8221;1\/3&#8243; animate=&#8221;fadeinleft&#8221; time=&#8221;0.6&#8243;]\r\n  <div class=\"about-us-links\">\r\n    <i class=\"fa fa-envelope\"><\/i>        <h3>Contacto<\/h3>\r\n    <p>Puede contactarnos por medio de los medios<\/p>\r\n    <div class=\"cta-button\"><p><span><a href=\"https:\/\/www.blue-net.com.ar\/web\/contact\/\">Leer m\u00e1s<\/a><\/span><\/p><\/div>  <\/div>    \r\n\r\n  [\/vc_column][\/vc_row][vc_row css=&#8221;.vc_custom_1445508267249{padding-top: 50px !important;padding-bottom: 50px !important;background-color: #f0f0f0 !important;}&#8221;][vc_column]\r\n\t<div class=\"logos\">\r\n    \t                 \t\r\n\t        <div class=\"item\"><img src=\"https:\/\/www.blue-net.com.ar\/web\/wp-content\/uploads\/2015\/10\/3.png\" alt=\"3\"><\/div>\r\n                               \t\r\n\t        <div class=\"item\"><img src=\"https:\/\/www.blue-net.com.ar\/web\/wp-content\/uploads\/2015\/10\/4.png\" alt=\"4\"><\/div>\r\n                               \t\r\n\t        <div class=\"item\"><img src=\"https:\/\/www.blue-net.com.ar\/web\/wp-content\/uploads\/2015\/10\/5.png\" alt=\"5\"><\/div>\r\n                               \t\r\n\t        <div class=\"item\"><img src=\"https:\/\/www.blue-net.com.ar\/web\/wp-content\/uploads\/2015\/10\/6.png\" alt=\"6\"><\/div>\r\n                               \t\r\n\t        <div class=\"item\"><img src=\"https:\/\/www.blue-net.com.ar\/web\/wp-content\/uploads\/2015\/10\/7.png\" alt=\"7\"><\/div>\r\n                               \t\r\n\t        <div class=\"item\"><img src=\"https:\/\/www.blue-net.com.ar\/web\/wp-content\/uploads\/2015\/10\/8.png\" alt=\"8\"><\/div>\r\n                               \t\r\n\t        <div class=\"item\"><img src=\"https:\/\/www.blue-net.com.ar\/web\/wp-content\/uploads\/2015\/10\/9.png\" alt=\"9\"><\/div>\r\n                <\/div>\r\n\r\n  <script type=\"text\/javascript\">\r\n  (function($) {\r\n  \"use strict\";\r\n    $(\".logos\").owlCarousel({\r\n\r\n        autoPlay: 5000,\r\n        items: 6,\r\n        itemsDesktop: [1199, 6-1],\r\n        itemsDesktopSmall: [979, 6-2],\r\n        pagination: false\r\n\r\n    });\r\n  })(jQuery);\r\n  <\/script>     \r\n\r\n\t[\/vc_column][\/vc_row]<\/p>\n","protected":false},"excerpt":{"rendered":"<p>[vc_row css=&#8221;.vc_custom_1444386097573{padding-bottom: 30px !important;}&#8221;][vc_column][vc_column_text css=&#8221;.vc_custom_1549387372690{padding-top: 50px !important;padding-bottom: 50px !important;}&#8221;] Toda aquella persona u organizaci\u00f3n que adquiera uno de los servicios ofrecidos por Blue-Net Webhosting, acepta las siguientes condiciones: 1. Blue-Net Webhosting se reserva el derecho de inhabilitar totalmente sin previo aviso toda cuenta que no cumpla con los requisitos estipulados en dicha declaraci\u00f3n de T\u00e9rminos y condiciones Generales del Servicio y se reserva el derecho a suspender o modificar la presente. 2. Todos los servicios [&hellip;]<\/p>\n","protected":false},"author":1,"featured_media":0,"parent":0,"menu_order":0,"comment_status":"closed","ping_status":"closed","template":"page-templates\/template-fullwidth.php","meta":[],"_links":{"self":[{"href":"https:\/\/www.blue-net.com.ar\/web\/wp-json\/wp\/v2\/pages\/1985"}],"collection":[{"href":"https:\/\/www.blue-net.com.ar\/web\/wp-json\/wp\/v2\/pages"}],"about":[{"href":"https:\/\/www.blue-net.com.ar\/web\/wp-json\/wp\/v2\/types\/page"}],"author":[{"embeddable":true,"href":"https:\/\/www.blue-net.com.ar\/web\/wp-json\/wp\/v2\/users\/1"}],"replies":[{"embeddable":true,"href":"https:\/\/www.blue-net.com.ar\/web\/wp-json\/wp\/v2\/comments?post=1985"}],"version-history":[{"count":2,"href":"https:\/\/www.blue-net.com.ar\/web\/wp-json\/wp\/v2\/pages\/1985\/revisions"}],"predecessor-version":[{"id":1991,"href":"https:\/\/www.blue-net.com.ar\/web\/wp-json\/wp\/v2\/pages\/1985\/revisions\/1991"}],"wp:attachment":[{"href":"https:\/\/www.blue-net.com.ar\/web\/wp-json\/wp\/v2\/media?parent=1985"}],"curies":[{"name":"wp","href":"https:\/\/api.w.org\/{rel}","templated":true}]}}