{"id":1987,"date":"2019-02-05T14:04:02","date_gmt":"2019-02-05T17:04:02","guid":{"rendered":"https:\/\/www.blue-net.com.ar\/web\/?page_id=1987"},"modified":"2019-02-05T14:04:02","modified_gmt":"2019-02-05T17:04:02","slug":"pur","status":"publish","type":"page","link":"https:\/\/www.blue-net.com.ar\/web\/pur\/","title":{"rendered":"Pol\u00edticas de Utilizaci\u00f3n de recursos"},"content":{"rendered":"<p>[vc_row css=&#8221;.vc_custom_1444386097573{padding-bottom: 30px !important;}&#8221;][vc_column][vc_column_text css=&#8221;.vc_custom_1549387200831{padding-top: 50px !important;padding-bottom: 50px !important;}&#8221;]<\/p>\n<p align=\"justify\"><strong>Sobre Php<\/strong><br \/>\nDado que en ocasiones puede verse comprometida la seguridad de los datos alojados en los servidores, oportunamente trabajamos con versiones de php que no presenten fallas de seguridad conocidas.<\/p>\n<p align=\"justify\">No obstante, tomamos los recaudos necesarios, deshabilitando funciones que puedan afectar mediante su utilizaci\u00f3n la estabilidad del servicio. No permitimos la ejecuci\u00f3n de scripts que saturen los recursos disponibles. Quienes deseen disponer de todos los recursos, deber\u00e1n optar por un servicio que no sea compartido.<\/p>\n<p align=\"justify\">Asi mismo, por razones de seguridad, y por antiguedad de las mismas, el registro de globales ya no se encuentra activo, las variables deben ser declaradas implicitamente.<\/p>\n<p align=\"justify\">El modo de seguridad &#8220;safe_mode&#8221; esta \u00e1ctivado, significa que php ha de corroborar que el los scripts no abran, ejecuten, lean o escriban archivos de otro owner, mejorando de esta forma, much\u00edsimo la seguridad de los datos de los sitios web.<\/p>\n<p align=\"justify\">Cada usuario ver\u00e1 limitada su operaci\u00f3n a los paths accesibles v\u00eda ftp.<\/p>\n<p align=\"justify\"><strong>Sobre Mysql<\/strong><br \/>\nLa utilizaci\u00f3n de Mysql ser\u00e1 limitada a diez mil queryes por hora, no pudiendo este l\u00edmite ser aumentado en planes de hosting compartido, debido a las implicancias sobre la performance general del servicio.<\/p>\n<p align=\"justify\">Todas las conexiones realizadas hacia la base de datos deben ser cerradas luego de realizar los queryes, tambi\u00e9n es necesario que sea liberada la memoria luego de las consultas, con la utilizaci\u00f3n de las funciones adecuadas, a saber mysql_free_result, mysql_close, no pudiendose mantener conexiones persistentes.<\/p>\n<p align=\"justify\">El acceso a las bases de datos solo podr\u00e1 ocurrir de manera local, no pudiendo estas ser accedidas remotamente, con el fin de garantizar la privacidad de sus datos.<\/p>\n<p align=\"justify\">La empresa asume que el cliente tiene el conocimiento necesario para operar con estos sistemas.<\/p>\n<p align=\"justify\"><strong>Sobre el Webmail<\/strong><br \/>\nLos servidores disponen de webmail, basado en varias distribuciones, con una versi\u00f3n adaptada a las normas de seguridad de la empresa. El principal objetivo de nuestro webmail es permitir el acceso secundario a los correos, desde cualquier computadora, desde cualquier parte del mundo.<\/p>\n<p align=\"justify\"><strong>Sobre las Estad\u00edsticas<\/strong><br \/>\nDiariamente procesamos el log de visitas al sitio, mediante el software open source, este ha sido dotado de las adaptaciones necesarias para detectar los paises de or\u00edgen de los visitantes. La base de datos que mantiene la relaci\u00f3n ip &#8211; pa\u00eds tiene un 97% de exactitud, pudiendo en algunas ocasiones, confundir ips de un pa\u00eds con otro en un margen de error aproximado al 3%.<\/p>\n<p align=\"justify\"><strong>Sobre los Backups<\/strong><br \/>\nLa empresa realiza diariamente una copia de seguridad de los archivos y las bases de datos. Este backup esta disponible solo para uso de los administradores de la empresa, que en caso de siniestro contar\u00e1n con una copia de su sitio del d\u00eda anterior, no pudiendo estas copias ser requeridas en cualquier momento por el usuario, por lo tanto recomendamos tambi\u00e9n acostumbre tener copias de sus sitios.<\/p>\n<p align=\"justify\"><strong>Sobre los Pagos<\/strong><br \/>\nLos pagos de los planes de hosting y los planes para revendedores tienen una periodicidad trimestral, los servidores dedicados tienen periodicidad mensual, la modalidad de pago es adelantada, pudiendo realizarse los mismos mediante dep\u00f3sito y transferencia bancaria.<\/p>\n<p align=\"justify\">Los dep\u00f3sitos o transferencias deben ser informados a administracion@blue-net.com.ar ya que es la \u00fanica forma en que podemos saber que fue efectuado a tiempo o por registro de pago.<\/p>\n<p align=\"justify\">En caso de constar mora el dominio sera suspendido temporalmente a los 7 d\u00edas despu\u00e9s del vencimiento. Ante la falta de pago a 15 d\u00edas corridos posteriores a la fecha de pago, corresponde la suspensi\u00f3n definitiva de su sitio, con la correspondiente eliminaci\u00f3n de toda la informaci\u00f3n alojada en el servidor por el usuario. De esta manera el usuario pierde todo derecho a reclamo por la informaci\u00f3n eliminada. Si se reactiva el servicio nuevamente deber\u00e1 abonar un cargo de reconexi\u00f3n equivalente al valor del setup o alta del plan contratado.<\/p>\n<p>[\/vc_column_text][\/vc_column][\/vc_row][vc_row css=&#8221;.vc_custom_1444385326165{padding-top: 50px !important;padding-bottom: 50px !important;background-color: #f0f0f0 !important;}&#8221;][vc_column animate=&#8221;fadeinup&#8221; time=&#8221;0.2&#8243; el_class=&#8221;text-center&#8221;][vc_custom_heading text=&#8221;<strong>CONECTATE CON NOSOTROS<\/strong>&#8221; font_container=&#8221;tag:h2|text_align:center&#8221; use_theme_fonts=&#8221;yes&#8221; css=&#8221;.vc_custom_1548021509741{margin-bottom: 45px !important;}&#8221; link=&#8221;url:http%3A%2F%2Fwww.blue-net.com.ar%2Fweb%2Fcontact%2F|||&#8221;]\r\n  <ul class=\"connecticons\">\r\n    <li><a target=\"_blank\" href=\"https:\/\/www.facebook.com\/Blue-Net-Webhosting-Hosting-Minorista-y-Mayorista-84198839194\/\"><i class=\"fa fa-facebook\"><\/i><\/a><\/li> \r\n  <\/ul>  \r\n\r\n  [\/vc_column][\/vc_row][vc_row css=&#8221;.vc_custom_1444386077205{padding-top: 70px !important;padding-bottom: 70px !important;}&#8221;][vc_column width=&#8221;1\/3&#8243; animate=&#8221;fadeinleft&#8221; time=&#8221;0.4&#8243;]\r\n  <div class=\"about-us-links\">\r\n    <i class=\"fa fa-twitch\"><\/i>        <h3>Testimonios<\/h3>\r\n    <p><\/p>\n<h3>Satisfacci\u00f3n total para\u00a0<strong>+100.000<\/strong>\u00a0importantes clientes<\/h3>\n<p><\/p>\r\n    <div class=\"cta-button\"><p><span><a href=\"https:\/\/www.blue-net.com.ar\/web\/testimonials\/\">Leer m\u00e1s<\/a><\/span><\/p><\/div>  <\/div>    \r\n\r\n  [\/vc_column][vc_column width=&#8221;1\/3&#8243; animate=&#8221;fadeinleft&#8221; time=&#8221;0.6&#8243;]\r\n  <div class=\"about-us-links\">\r\n    <i class=\"fa fa-envelope\"><\/i>        <h3>Contacto<\/h3>\r\n    <p>Puede contactarnos por medio de los medios<\/p>\r\n    <div class=\"cta-button\"><p><span><a href=\"https:\/\/www.blue-net.com.ar\/web\/contact\/\">Leer m\u00e1s<\/a><\/span><\/p><\/div>  <\/div>    \r\n\r\n  [\/vc_column][\/vc_row][vc_row css=&#8221;.vc_custom_1445508267249{padding-top: 50px !important;padding-bottom: 50px !important;background-color: #f0f0f0 !important;}&#8221;][vc_column]\r\n\t<div class=\"logos\">\r\n    \t                 \t\r\n\t        <div class=\"item\"><img src=\"https:\/\/www.blue-net.com.ar\/web\/wp-content\/uploads\/2015\/10\/3.png\" alt=\"3\"><\/div>\r\n                               \t\r\n\t        <div class=\"item\"><img src=\"https:\/\/www.blue-net.com.ar\/web\/wp-content\/uploads\/2015\/10\/4.png\" alt=\"4\"><\/div>\r\n                               \t\r\n\t        <div class=\"item\"><img src=\"https:\/\/www.blue-net.com.ar\/web\/wp-content\/uploads\/2015\/10\/5.png\" alt=\"5\"><\/div>\r\n                               \t\r\n\t        <div class=\"item\"><img src=\"https:\/\/www.blue-net.com.ar\/web\/wp-content\/uploads\/2015\/10\/6.png\" alt=\"6\"><\/div>\r\n                               \t\r\n\t        <div class=\"item\"><img src=\"https:\/\/www.blue-net.com.ar\/web\/wp-content\/uploads\/2015\/10\/7.png\" alt=\"7\"><\/div>\r\n                               \t\r\n\t        <div class=\"item\"><img src=\"https:\/\/www.blue-net.com.ar\/web\/wp-content\/uploads\/2015\/10\/8.png\" alt=\"8\"><\/div>\r\n                               \t\r\n\t        <div class=\"item\"><img src=\"https:\/\/www.blue-net.com.ar\/web\/wp-content\/uploads\/2015\/10\/9.png\" alt=\"9\"><\/div>\r\n                <\/div>\r\n\r\n  <script type=\"text\/javascript\">\r\n  (function($) {\r\n  \"use strict\";\r\n    $(\".logos\").owlCarousel({\r\n\r\n        autoPlay: 5000,\r\n        items: 6,\r\n        itemsDesktop: [1199, 6-1],\r\n        itemsDesktopSmall: [979, 6-2],\r\n        pagination: false\r\n\r\n    });\r\n  })(jQuery);\r\n  <\/script>     \r\n\r\n\t[\/vc_column][\/vc_row]<\/p>\n","protected":false},"excerpt":{"rendered":"<p>[vc_row css=&#8221;.vc_custom_1444386097573{padding-bottom: 30px !important;}&#8221;][vc_column][vc_column_text css=&#8221;.vc_custom_1549387200831{padding-top: 50px !important;padding-bottom: 50px !important;}&#8221;] Sobre Php Dado que en ocasiones puede verse comprometida la seguridad de los datos alojados en los servidores, oportunamente trabajamos con versiones de php que no presenten fallas de seguridad conocidas. No obstante, tomamos los recaudos necesarios, deshabilitando funciones que puedan afectar mediante su utilizaci\u00f3n la estabilidad del servicio. No permitimos la ejecuci\u00f3n de scripts que saturen los recursos disponibles. Quienes deseen disponer de todos los [&hellip;]<\/p>\n","protected":false},"author":1,"featured_media":0,"parent":0,"menu_order":0,"comment_status":"closed","ping_status":"closed","template":"page-templates\/template-fullwidth.php","meta":[],"_links":{"self":[{"href":"https:\/\/www.blue-net.com.ar\/web\/wp-json\/wp\/v2\/pages\/1987"}],"collection":[{"href":"https:\/\/www.blue-net.com.ar\/web\/wp-json\/wp\/v2\/pages"}],"about":[{"href":"https:\/\/www.blue-net.com.ar\/web\/wp-json\/wp\/v2\/types\/page"}],"author":[{"embeddable":true,"href":"https:\/\/www.blue-net.com.ar\/web\/wp-json\/wp\/v2\/users\/1"}],"replies":[{"embeddable":true,"href":"https:\/\/www.blue-net.com.ar\/web\/wp-json\/wp\/v2\/comments?post=1987"}],"version-history":[{"count":2,"href":"https:\/\/www.blue-net.com.ar\/web\/wp-json\/wp\/v2\/pages\/1987\/revisions"}],"predecessor-version":[{"id":2127,"href":"https:\/\/www.blue-net.com.ar\/web\/wp-json\/wp\/v2\/pages\/1987\/revisions\/2127"}],"wp:attachment":[{"href":"https:\/\/www.blue-net.com.ar\/web\/wp-json\/wp\/v2\/media?parent=1987"}],"curies":[{"name":"wp","href":"https:\/\/api.w.org\/{rel}","templated":true}]}}