{"id":2,"date":"2019-01-19T15:12:48","date_gmt":"2019-01-19T15:12:48","guid":{"rendered":"https:\/\/www.blue-net.com.ar\/web\/?page_id=2"},"modified":"2024-01-12T03:26:04","modified_gmt":"2024-01-12T06:26:04","slug":"about","status":"publish","type":"page","link":"https:\/\/www.blue-net.com.ar\/web\/about\/","title":{"rendered":"Acerca de Blue-Net Webhosting"},"content":{"rendered":"<div class=\"iw-heading blackTitle style2 \">\n<p class=\"iwh-content\">ESPECIALISTAS EN BRINDAR SOLUCIONES EN LA NUBE<\/p>\n<\/div>\n<div class=\"wpb_text_column wpb_content_element  vc_custom_1547730747018\">\n<div class=\"wpb_wrapper\">\n<p><strong>En Blue-Net Webhosting tenemos como premisa brindar las mejores soluciones y servicios en la nube, comprometi\u00e9ndonos a garantizar d\u00eda a d\u00eda tu experiencia con nosotros.<\/strong><\/p>\n<p>Formamos <strong> Blue-Net Webhosting<\/strong> para proveer servicios con la m\u00e1s alta tecnolog\u00eda existente en el mercado avalados por una experiencia de m\u00e1s de 25 a\u00f1os en la actividad.<\/p>\n<p><strong>Nos encontramos dedicados exclusivamente a brindar Soluciones en la nube, implementando siempre los \u00faltimos avances tecnol\u00f3gicos que ofrezcan servicios de m\u00e1ximo nivel. Nuestra infraestructura, recursos y experiencia le permitir\u00e1, a tu negocio o empresa, obtener una clara ventaja competitiva en la nueva econom\u00eda digital.<\/strong><\/p>\n<p><strong>Nuestro trabajo se centra en el cliente. Nuestro objetivo es darte una atenci\u00f3n personalizada.<\/strong><\/p>\n<p>Buscamos cubrir tus necesidades, no solamente desde el punto de vista del producto ofrecido, sino desde un marco mucho m\u00e1s amplio, haciendo hincapi\u00e9 en el profesionalismo, asesoramiento t\u00e9cnico, honestidad, seguridad e innovaci\u00f3n permanente. Tenemos la firme convicci\u00f3n de que estos valores nos permiten crear v\u00ednculos a largo plazo y relaciones duraderas con cada uno de nuestros clientes.<\/p>\n<\/div>\n<\/div>\n","protected":false},"excerpt":{"rendered":"<p>ESPECIALISTAS EN BRINDAR SOLUCIONES EN LA NUBE En Blue-Net Webhosting tenemos como premisa brindar las mejores soluciones y servicios en la nube, comprometi\u00e9ndonos a garantizar d\u00eda a d\u00eda tu experiencia con nosotros. Formamos Blue-Net Webhosting para proveer servicios con la m\u00e1s alta tecnolog\u00eda existente en el mercado avalados por una experiencia de m\u00e1s de 25 a\u00f1os en la actividad. Nos encontramos dedicados exclusivamente a brindar Soluciones en la nube, implementando siempre los \u00faltimos avances tecnol\u00f3gicos [&hellip;]<\/p>\n","protected":false},"author":1,"featured_media":0,"parent":0,"menu_order":0,"comment_status":"open","ping_status":"open","template":"","meta":[],"_links":{"self":[{"href":"https:\/\/www.blue-net.com.ar\/web\/wp-json\/wp\/v2\/pages\/2"}],"collection":[{"href":"https:\/\/www.blue-net.com.ar\/web\/wp-json\/wp\/v2\/pages"}],"about":[{"href":"https:\/\/www.blue-net.com.ar\/web\/wp-json\/wp\/v2\/types\/page"}],"author":[{"embeddable":true,"href":"https:\/\/www.blue-net.com.ar\/web\/wp-json\/wp\/v2\/users\/1"}],"replies":[{"embeddable":true,"href":"https:\/\/www.blue-net.com.ar\/web\/wp-json\/wp\/v2\/comments?post=2"}],"version-history":[{"count":3,"href":"https:\/\/www.blue-net.com.ar\/web\/wp-json\/wp\/v2\/pages\/2\/revisions"}],"predecessor-version":[{"id":2138,"href":"https:\/\/www.blue-net.com.ar\/web\/wp-json\/wp\/v2\/pages\/2\/revisions\/2138"}],"wp:attachment":[{"href":"https:\/\/www.blue-net.com.ar\/web\/wp-json\/wp\/v2\/media?parent=2"}],"curies":[{"name":"wp","href":"https:\/\/api.w.org\/{rel}","templated":true}]}}