{"id":2079,"date":"2019-12-12T16:46:52","date_gmt":"2019-12-12T19:46:52","guid":{"rendered":"https:\/\/www.blue-net.com.ar\/web\/?page_id=2079"},"modified":"2019-12-12T18:44:11","modified_gmt":"2019-12-12T21:44:11","slug":"faqs2","status":"publish","type":"page","link":"https:\/\/www.blue-net.com.ar\/web\/faqs2\/","title":{"rendered":"FAQs"},"content":{"rendered":"<p>[vc_row css=&#8221;.vc_custom_1444365577626{padding-top: 50px !important;}&#8221;][vc_column width=&#8221;1\/4&#8243;][vc_custom_heading text=&#8221;<strong>FAQ<\/strong>&#8221; font_container=&#8221;tag:h1|font_size:32|text_align:left|color:%23c6c6c6&#8243; use_theme_fonts=&#8221;yes&#8221;][\/vc_column][vc_column width=&#8221;3\/4&#8243;]            <div class=\"qae-faqs-container qae-faqs-toggle-container\">\n\t\t\t\t\t\t\t<ul class=\"qe-faqs-filters-container\">\n\t\t\t\t<li><a class=\"qe-faqs-filter\" href=\"#\" data-filter=\"*\">Todo<\/a><\/li>\n\t\t\t\t<li><a class=\"qe-faqs-filter\" href=\"#administracion-y-facturacion\" data-filter=\".administracion-y-facturacion\">Administraci\u00f3n y Facturaci\u00f3n<\/a><\/li><li><a class=\"qe-faqs-filter\" href=\"#colocation-housing\" data-filter=\".colocation-housing\">Colocation Housing<\/a><\/li><li><a class=\"qe-faqs-filter\" href=\"#hosting-linux-directadmin\" data-filter=\".hosting-linux-directadmin\">Hosting - Linux - DirectAdmin<\/a><\/li><li><a class=\"qe-faqs-filter\" href=\"#preguntas-generales\" data-filter=\".preguntas-generales\">Preguntas Generales<\/a><\/li>\t\t\t<\/ul>\n\t\t\t\t\t<div id=\"qaef-2109\" class=\"qe-faq-toggle hosting-linux-directadmin\">\n\t\t\t<div class=\"qe-toggle-title\">\n\t\t\t\t<h4>\n\t\t\t\t\t<i class=\"fa fa-minus-circle\"><\/i> \u00bfTengo un email con mi web?\t\t\t\t<\/h4>\n\t\t\t<\/div>\n\t\t\t<div class=\"qe-toggle-content\">\n\t\t\t\t\n<p> S\u00ed, por supuesto .Y seg\u00fan el plan de hosting, puedes tener cuentas de correo. Adem\u00e1s, Nuestra empresa le da la posibilidad de consultar el email v\u00eda web, adem\u00e1s de poder hacerlo con clientes de correo, como Outlook, Eudora, etc. <\/p>\n\t\t\t<\/div>\n\t\t<\/div>\n\t\t\t\t<div id=\"qaef-2108\" class=\"qe-faq-toggle hosting-linux-directadmin\">\n\t\t\t<div class=\"qe-toggle-title\">\n\t\t\t\t<h4>\n\t\t\t\t\t<i class=\"fa fa-minus-circle\"><\/i> \u00bfQu\u00e9 es un dominio?\t\t\t\t<\/h4>\n\t\t\t<\/div>\n\t\t\t<div class=\"qe-toggle-content\">\n\t\t\t\t\n<p>\n\nUn dominio es su direcci\u00f3n de Internet. Adquirir un dominio es tener el derecho a utilizar esa direcci\u00f3n, en exclusiva y para todo el mundo.Un dominio es, por ejemplo, dominio.com o dominio.com.ar\n\n<\/p>\n\t\t\t<\/div>\n\t\t<\/div>\n\t\t\t\t<div id=\"qaef-2102\" class=\"qe-faq-toggle hosting-linux-directadmin\">\n\t\t\t<div class=\"qe-toggle-title\">\n\t\t\t\t<h4>\n\t\t\t\t\t<i class=\"fa fa-minus-circle\"><\/i> \u00bfCu\u00e1l es la diferencia entre hosting compartido y dedicado?\t\t\t\t<\/h4>\n\t\t\t<\/div>\n\t\t\t<div class=\"qe-toggle-content\">\n\t\t\t\t\n<p>En el hosting compartido,\u00a0tiene su espacio web con las caracter\u00edsticas de su plan, de forma separada e independiente, pero dentro de un servidor en el que se alojan m\u00e1s clientes. Comparte servidor con ellos, y comparte a su vez los recursos de esa m\u00e1quina.<\/p>\n\n\n\n<p>En el hosting dedicado, tendr\u00e1 un servidor solo para Ud. Los servidores dedicados son recomendables para webs de alto tr\u00e1fico y consumo de m\u00e1quina, y tambi\u00e9n para empresas o particulares cuyo proyecto web requiera de mucho espacio y\/o de las mayores medidas de seguridad y protecci\u00f3n.<\/p>\n\t\t\t<\/div>\n\t\t<\/div>\n\t\t\t\t<div id=\"qaef-2101\" class=\"qe-faq-toggle hosting-linux-directadmin\">\n\t\t\t<div class=\"qe-toggle-title\">\n\t\t\t\t<h4>\n\t\t\t\t\t<i class=\"fa fa-minus-circle\"><\/i> \u00bfCu\u00e1l es la diferencia entre dominio y hosting o alojamiento web?\t\t\t\t<\/h4>\n\t\t\t<\/div>\n\t\t\t<div class=\"qe-toggle-content\">\n\t\t\t\t\n<p>Un dominio es el derecho al uso del nombre.El hosting, o alojamiento web, es un espacio en un servidor para que cuando alguien teclee su nombre de dominio en su navegador, \u00e9ste vea la informaci\u00f3n que se almacene en ese espacio de servidor.<\/p>\n\n\n\n<p>Puede tener todos los dominios que quiera sin tener hosting, s\u00f3lo por evitar que nadie m\u00e1s lo tenga, o para utilizarlo con servicios de redireccionamiento web y correo.\n\n<\/p>\n\t\t\t<\/div>\n\t\t<\/div>\n\t\t\t\t<div id=\"qaef-2100\" class=\"qe-faq-toggle hosting-linux-directadmin\">\n\t\t\t<div class=\"qe-toggle-title\">\n\t\t\t\t<h4>\n\t\t\t\t\t<i class=\"fa fa-minus-circle\"><\/i> \u00bfComo subo archivos a mi sitio?\t\t\t\t<\/h4>\n\t\t\t<\/div>\n\t\t\t<div class=\"qe-toggle-content\">\n\t\t\t\t\n<p>Para subir archivos a su sitio web realice lo siguiente:<\/p>\n\n\n\n<ol><li>Ingrese a su Panel de Control.<\/li><li>Haga click en el \u00edcono &#8220;File Manager&#8221;.<\/li><li>Seleccione la carpeta donde desea subir sus archivos y haga click en &#8220;Upload files to current directory&#8221;.<br><\/li><\/ol>\n\n\n\n<p>Como alternativa m\u00e1s recomendable, puede usar alg\u00fan software FTP, como por ejemplo el FileZilla (gratis), el cu\u00e1l descarga de la siguiente direcci\u00f3n&nbsp;<a href=\"http:\/\/filezilla.sourceforge.net\/\" target=\"_blank\" rel=\"noreferrer noopener\">http:\/\/filezilla.sourceforge.net\/<\/a>.\n\n<\/p>\n\t\t\t<\/div>\n\t\t<\/div>\n\t\t\t\t<div id=\"qaef-2099\" class=\"qe-faq-toggle hosting-linux-directadmin\">\n\t\t\t<div class=\"qe-toggle-title\">\n\t\t\t\t<h4>\n\t\t\t\t\t<i class=\"fa fa-minus-circle\"><\/i> Crear un subdominio en DirectAdmin\t\t\t\t<\/h4>\n\t\t\t<\/div>\n\t\t\t<div class=\"qe-toggle-content\">\n\t\t\t\t\n<p>Para crear un subdominio debe seguir los pasos que se encuentran a continuaci\u00f3n:<\/p>\n\n\n\n<ol><li>Ingresar en su panel de control http:\/\/dominio.com:2222 o http:\/\/dominio.com:2222, (con sus respectivos datos de acceso brindados por nuestra empresa al contratar su plan).- Una vez dentro, en &#8220;Gesti\u00f3n de la Cuenta&#8221;, damos click en la opci\u00f3n &#8220;Gesti\u00f3n de Subdominios&#8221;.<br><\/li><li>Ahora observamos un campo de texto para colocar el nombre que deseamos para nuestro subdominio, una vez relleno este campo, damos click en el bot\u00f3n &#8220;Crear&#8221;<br><\/li><li>El subdominio ha sido creado y tambien se creo la carpeta public_html, que es en la cual se deben subir los archivos<\/li><\/ol>\n\n\n\n<p>Cualquier consulta no dude en contactar a soporte<\/p>\n\t\t\t<\/div>\n\t\t<\/div>\n\t\t\t\t<div id=\"qaef-2098\" class=\"qe-faq-toggle hosting-linux-directadmin\">\n\t\t\t<div class=\"qe-toggle-title\">\n\t\t\t\t<h4>\n\t\t\t\t\t<i class=\"fa fa-minus-circle\"><\/i> Agregar un Puntero de dominio en DirectAdmin\t\t\t\t<\/h4>\n\t\t\t<\/div>\n\t\t\t<div class=\"qe-toggle-content\">\n\t\t\t\t\n<ol><li>Ingrese al panel de control.<\/li><li>Haga click en el bot\u00f3n \u2018\u2019Punteros de&nbsp;Dominio&nbsp;\u2018\u2019, de la secci\u00f3n Funciones Avanzadas.<\/li><li>Ingrese el dominio fuente que desea que se dirija a su sitio. Si deja tildada la opci\u00f3n &#8220;Crear como un Alias&#8221;, cuando ingrese el dominio fuente, el nombre que mostrara el browser ser\u00e1 el mismo. En cambio si se desactiva esta opci\u00f3n el browser cambiar\u00e1 el nombre de la direcci\u00f3n por el original.<\/li><li>Haga click en el bot\u00f3n \u2018\u2019Agregar\u2019\u2019 para finalizar esta acci\u00f3n.<\/li><\/ol>\n\t\t\t<\/div>\n\t\t<\/div>\n\t\t\t\t<div id=\"qaef-2096\" class=\"qe-faq-toggle colocation-housing\">\n\t\t\t<div class=\"qe-toggle-title\">\n\t\t\t\t<h4>\n\t\t\t\t\t<i class=\"fa fa-minus-circle\"><\/i> Medidas de unidades de RACK\t\t\t\t<\/h4>\n\t\t\t<\/div>\n\t\t\t<div class=\"qe-toggle-content\">\n\t\t\t\t\n<p>Una unidad rack o simplemente U es una unidad de medida usada para describir la altura del equipamiento preparado para ser montado en un rack de 19 \u00f3 23 pulgadas de ancho. Una unidad rack equivale a 1,75 pulgadas (44.45 mm) de alto.<\/p>\n\n\n\n<p>Una unidad de rack se escribe normalmente como &#8220;1U&#8221;; del mismo modo dos unidades se escribe &#8220;2U&#8221; y as\u00ed sucesivamente. La altura de una pieza del equipamiento de un rack es frecuentemente descrita como un n\u00famero en &#8220;U&#8221;.<\/p>\n\n\n\n<p>Un uso com\u00fan para un rack de 19 pulgadas es alojar servidores permitiendo configuraciones hardware densas sin ocupar excesivo espacio ni requerir estanter\u00edas. La gran mayor\u00eda de los racks son de 42U, aproximadamente 6 pies (1,8 metros) de altura. Normalmente equipo profesional de audio y v\u00eddeo viene con opciones de montaje en rack y usa las mismas especificaciones de medida. Un tercer uso com\u00fan para un montaje en rack es energ\u00eda industrial, control y hardware de automatizaci\u00f3n, generalmente en racks de 46U.<\/p>\n\n\n\n<p>Las unidades de medio rack describen unidades que caben en cierto n\u00famero de U pero ocupan s\u00f3lo la mitad del ancho del rack de 19 pulgadas. \u00c9stas son usadas cuando un equipo no requiere el ancho entero del rack pero necesita m\u00e1s de 1U de altura. Por ejemplo, una pletina DVCAM de 4U de medio rack ocupar\u00e1 4U de alto \u00d7 19\/2 pulgadas y, en pricipio, se podr\u00e1n montar dos pletinas una al lado de la otra ocupando el espacio entero de las 4U.<\/p>\n\n\n\n<p>El tama\u00f1o de la unidad rack est\u00e1 basada en la especificaci\u00f3n est\u00e1ndar para los racks definida en EIA-310.<\/p>\n\t\t\t<\/div>\n\t\t<\/div>\n\t\t\t\t<div id=\"qaef-2094\" class=\"qe-faq-toggle preguntas-generales\">\n\t\t\t<div class=\"qe-toggle-title\">\n\t\t\t\t<h4>\n\t\t\t\t\t<i class=\"fa fa-minus-circle\"><\/i> \u00bfQu\u00e9 es el ancho de banda o transferencia mensual?\t\t\t\t<\/h4>\n\t\t\t<\/div>\n\t\t\t<div class=\"qe-toggle-content\">\n\t\t\t\t\n<p>\n\nAncho de banda en almacenamiento web<\/p>\n\n\n\n<p>En almacenamiento web u hospedaje web, el t\u00e9rmino &#8220;ancho de banda&#8221; es com\u00fanmente utilizado para describir la cantidad de datos transferidos hacia o desde el sitio web a trav\u00e9s de un tiempo previamente determinado. Otra frase m\u00e1s espec\u00edfica para esta acepci\u00f3n de ancho de banda es transferencia de datos mensual.<\/p>\n\n\n\n<p>Las compa\u00f1\u00edas de hospedaje com\u00fanmente ofrecen una cuota mensual l\u00edmite de ancho de banda para un sitio web, por ejemplo, 1 gigabyte por mes. Si la cantidad total de datos descargada desde el sitio web en un mes en particular alcanza ese l\u00edmite, la compa\u00f1\u00eda de hospedaje puede bloquear el acceso al sitio por lo que reste del mes.<\/p>\n\n\n\n<p>Cuando un sitio web crece en popularidad o excede sus l\u00edmites de ancho de banda, los administradores de red pueden reducir el uso del ancho de banda empleando t\u00e9cnicas de optimizaci\u00f3n de ancho de banda.<\/p>\n\n\n\n<p>Los componentes que suman al ancho de banda utilizado son:<br><\/p>\n\n\n\n<ul><li>Emails enviados y recibidos<\/li><li>Datos subidos y bajados por FTP<\/li><li>Visitas hacia el sitio web<\/li><li>Acceso al panel de control<\/li><\/ul>\n\t\t\t<\/div>\n\t\t<\/div>\n\t\t\t\t<div id=\"qaef-2092\" class=\"qe-faq-toggle preguntas-generales\">\n\t\t\t<div class=\"qe-toggle-title\">\n\t\t\t\t<h4>\n\t\t\t\t\t<i class=\"fa fa-minus-circle\"><\/i> \u00bfQu\u00e9 es el Servidor?\t\t\t\t<\/h4>\n\t\t\t<\/div>\n\t\t\t<div class=\"qe-toggle-content\">\n\t\t\t\t\n<p>El servidor es la computadora en la cual se coloca la informaci\u00f3n de su sitio web, correos, etc. Un servidor es una computadora con caracter\u00edsticas especialmente dise\u00f1adas para ser tolerante a fallos de discos, fuentes, memoria, etc.<\/p>\n\n\n\n<p>Todos nuestros servidores est\u00e1n alojados en un lugar acondicionado especialmente para ellos, llamado datacenter.<\/p>\n\t\t\t<\/div>\n\t\t<\/div>\n\t\t\t\t<div id=\"qaef-2091\" class=\"qe-faq-toggle preguntas-generales\">\n\t\t\t<div class=\"qe-toggle-title\">\n\t\t\t\t<h4>\n\t\t\t\t\t<i class=\"fa fa-minus-circle\"><\/i> \u00bfQu\u00e9 es un DNS?\t\t\t\t<\/h4>\n\t\t\t<\/div>\n\t\t\t<div class=\"qe-toggle-content\">\n\t\t\t\t\n<p>DNS\u00a0significa \u201cDomain Name Server\u201d. Un\u00a0DNS\u00a0indica la ubicaci\u00f3n de los nombres de\u00a0dominio\u00a0en el servidor. Al adquirir alguno de nuestros servicios, debe registrar su dominio con los\u00a0DNS\u00a0que nosotros le otorgamos. <\/p>\n\t\t\t<\/div>\n\t\t<\/div>\n\t\t\t\t<div id=\"qaef-2090\" class=\"qe-faq-toggle preguntas-generales\">\n\t\t\t<div class=\"qe-toggle-title\">\n\t\t\t\t<h4>\n\t\t\t\t\t<i class=\"fa fa-minus-circle\"><\/i> \u00bfCu\u00e1les son las ventajas de tener un sitio Web con dominio propio?\t\t\t\t<\/h4>\n\t\t\t<\/div>\n\t\t\t<div class=\"qe-toggle-content\">\n\t\t\t\t\n<p><strong>Ventajas b\u00e1sicas de un dominio:<\/strong><br>Un dominio es como su &#8220;direcci\u00f3n&#8221;. Es la direcci\u00f3n de su empresa y la de sus e-mails. Aunque cambiase de servidor donde alojar su dominio, su nombre de dominio puede ser transferido al nuevo servidor. Por tanto su &#8220;direcci\u00f3n en Internet&#8221; es la misma, aunque se haya mudado de &#8220;casa&#8221;.&nbsp;Un&nbsp;dominio&nbsp;es una forma de enmascarar una direcci\u00f3n IP fija. De este modo es m\u00e1s f\u00e1cil hallar un nombre que un n\u00famero.Un dominio debe registrarse ante los organismos competentes que cuidan de que no existan dominios repetidos. Este registro varia dependiendo de si quiere registrar un dominio tipo www.dominio.com (Internacional) o bien del tipo www.dominio.com.ar (referente a un dominio de Argentina).En el caso de un dominio .com (comercial internacional) el dominio deseado debe estar disponible. En dicho caso hay que registrarlo, abonando el registro del mismo. (Cons\u00faltenos)Para registrar un dominio tipo &#8220;ar&#8221; debe el cliente dirigirse a NIC-AR. En este caso, nuestra empresa se encarga gratuitamente de la gesti\u00f3n de registro y delegaci\u00f3n del dominio. Asimismo NIC-AR, no cobra por el momento el registro de los dominios.\n\n<\/p>\n\t\t\t<\/div>\n\t\t<\/div>\n\t\t\t\t<div id=\"qaef-2089\" class=\"qe-faq-toggle preguntas-generales\">\n\t\t\t<div class=\"qe-toggle-title\">\n\t\t\t\t<h4>\n\t\t\t\t\t<i class=\"fa fa-minus-circle\"><\/i> \u00bfQu\u00e9 significa Web Hosting?\t\t\t\t<\/h4>\n\t\t\t<\/div>\n\t\t\t<div class=\"qe-toggle-content\">\n\t\t\t\t\n<p>Es el alojamiento Web. En otras palabras, es el servicio que suministra a los usuarios de Internet un sistema para poder guardar im\u00e1genes, v\u00eddeo, informaci\u00f3n, o cualquier contenido accesible a trav\u00e9s de la Web.<\/p>\n\n\n\n<p>Con este servicio Ud. podr\u00e1 disponer de una p\u00e1gina web, correos electr\u00f3nicos personalizados (por ejemplo: juan@empresa.com.ar).<\/p>\n\t\t\t<\/div>\n\t\t<\/div>\n\t\t\t\t<div id=\"qaef-2087\" class=\"qe-faq-toggle administracion-y-facturacion\">\n\t\t\t<div class=\"qe-toggle-title\">\n\t\t\t\t<h4>\n\t\t\t\t\t<i class=\"fa fa-minus-circle\"><\/i> \u00bfQue tipo de soporte t\u00e9cnico y comercial ofrecen?\t\t\t\t<\/h4>\n\t\t\t<\/div>\n\t\t\t<div class=\"qe-toggle-content\">\n\t\t\t\t\n<p>Ofrecemos un \u00e1rea de clientes en donde puede consultar todo tipo de informaci\u00f3n relacionada a su cuenta como as\u00ed mismo efectuar consultas a nuestros t\u00e9cnicos. El servicio de soporte t\u00e9cnico es 24x7x365.La atenci\u00f3n comercial es de Lunes a Viernes de 9:00 a 18:00 GTM-0300. Horario de Buenos Aires &#8211; Argentina. <\/p>\n\t\t\t<\/div>\n\t\t<\/div>\n\t\t\t\t<div id=\"qaef-2086\" class=\"qe-faq-toggle administracion-y-facturacion\">\n\t\t\t<div class=\"qe-toggle-title\">\n\t\t\t\t<h4>\n\t\t\t\t\t<i class=\"fa fa-minus-circle\"><\/i> Formas de pago habilitadas\t\t\t\t<\/h4>\n\t\t\t<\/div>\n\t\t\t<div class=\"qe-toggle-content\">\n\t\t\t\t\n<p>Formas de pago:<\/p>\n\n\n\n<p>Dep\u00f3sitos o transferencia bancarias:<\/p>\n\n\n\n<p>La cuenta del Banco HSBC donde podr\u00e1 abonar EN PESOS:<br><br>En los avisos de pago tendr\u00e1 los datos,<\/p>\n\n\n\n<p>Una vez realizado el pago, debe completar el siguiente formulario (Solo dep\u00f3sitos o transferencias bancarias):&nbsp;<a href=\"http:\/\/registro.blue-net.com.ar\/\">Haga click aqu\u00ed<\/a><\/p>\n\n\n\n<hr class=\"wp-block-separator\" \/>\n\n\n\n<p>PayPal<br><br>pagos@blue-net.com.ar<br>(recuerde notificarnos v\u00eda email su pago para corroborarlo)<\/p>\n\n\n\n<hr class=\"wp-block-separator\" \/>\n\n\n\n<p>Tarjetas de cr\u00e9dito mediante pago seguro (con recargo)<\/p>\n\n\n\n<p>Pago F\u00e1cil \/ Rapi Pago \/ Bapro Pagos \/ Cobro Express (con recargo)<\/p>\n\n\n\n<p>Si tiene dificultades para abonar mediante Tarjetas de cr\u00e9dito, Pago F\u00e1cil &#8211; Rapi Pago<\/p>\n\n\n\n<hr class=\"wp-block-separator\" \/>\n\n\n\n<p>Recuerde que es muy importante que al efectuar su pago por v\u00eda bancaria, nos informe los datos del comprobante para poder individualizarlo, as\u00ed como si utilizara otro medio de pago que requiera nuestra notificaci\u00f3n para acreditarlo a su nombre.<\/p>\n\n\n\n<p>Los datos en su panel ser\u00e1n actualizados en 24 horas.<br><br>Apreciamos su esfuerzo por efectuar el pago a tiempo.<\/p>\n\t\t\t<\/div>\n\t\t<\/div>\n\t\t            <\/div>\n\t\t[\/vc_column][vc_column][vc_column_text]<\/p>\n<hr \/>\n<p>[\/vc_column_text][\/vc_column][\/vc_row]<\/p>\n","protected":false},"excerpt":{"rendered":"<p>[vc_row css=&#8221;.vc_custom_1444365577626{padding-top: 50px !important;}&#8221;][vc_column width=&#8221;1\/4&#8243;][vc_custom_heading text=&#8221;FAQ&#8221; font_container=&#8221;tag:h1|font_size:32|text_align:left|color:%23c6c6c6&#8243; use_theme_fonts=&#8221;yes&#8221;][\/vc_column][vc_column width=&#8221;3\/4&#8243;][\/vc_column][vc_column][vc_column_text] [\/vc_column_text][\/vc_column][\/vc_row]<\/p>\n","protected":false},"author":1,"featured_media":0,"parent":0,"menu_order":0,"comment_status":"closed","ping_status":"closed","template":"page-templates\/template-fullwidth.php","meta":[],"_links":{"self":[{"href":"https:\/\/www.blue-net.com.ar\/web\/wp-json\/wp\/v2\/pages\/2079"}],"collection":[{"href":"https:\/\/www.blue-net.com.ar\/web\/wp-json\/wp\/v2\/pages"}],"about":[{"href":"https:\/\/www.blue-net.com.ar\/web\/wp-json\/wp\/v2\/types\/page"}],"author":[{"embeddable":true,"href":"https:\/\/www.blue-net.com.ar\/web\/wp-json\/wp\/v2\/users\/1"}],"replies":[{"embeddable":true,"href":"https:\/\/www.blue-net.com.ar\/web\/wp-json\/wp\/v2\/comments?post=2079"}],"version-history":[{"count":4,"href":"https:\/\/www.blue-net.com.ar\/web\/wp-json\/wp\/v2\/pages\/2079\/revisions"}],"predecessor-version":[{"id":2112,"href":"https:\/\/www.blue-net.com.ar\/web\/wp-json\/wp\/v2\/pages\/2079\/revisions\/2112"}],"wp:attachment":[{"href":"https:\/\/www.blue-net.com.ar\/web\/wp-json\/wp\/v2\/media?parent=2079"}],"curies":[{"name":"wp","href":"https:\/\/api.w.org\/{rel}","templated":true}]}}