{"id":2153,"date":"2024-08-28T15:33:38","date_gmt":"2024-08-28T18:33:38","guid":{"rendered":"https:\/\/www.blue-net.com.ar\/web\/?page_id=2153"},"modified":"2025-08-01T19:31:29","modified_gmt":"2025-08-01T22:31:29","slug":"campanas-estrategicas","status":"publish","type":"page","link":"https:\/\/www.blue-net.com.ar\/web\/campanas-estrategicas\/","title":{"rendered":"Campa\u00f1as Estrat\u00e9gicas"},"content":{"rendered":"\n<figure class=\"wp-block-pullquote is-style-default\"><blockquote><p><strong>Soluciones de marketing que generan m\u00e1s clientes, aumentan los ingresos y mejoran el futuro de su empresa.<\/strong><\/p><\/blockquote><\/figure>\n\n\n\n<div class=\"wp-block-columns\">\n<div class=\"wp-block-column\" style=\"flex-basis:100%\">\n<figure class=\"wp-block-table is-style-regular\"><table class=\"has-fixed-layout\"><tbody><tr><td><strong>Planes a medida      <\/strong><\/td><\/tr><tr><td>Nuestro equipo determinar\u00e1 junto con usted las mejores opciones para obtener el m\u00e1ximo rendimiento de su presupuesto, y lo implementa de la mejor manera basado en nuestra amplia experiencia.<\/td><\/tr><tr><td><strong>Seguimiento y Optimizaci\u00f3n<\/strong><\/td><\/tr><tr><td>La calidad y performance de sus campa\u00f1as ser\u00e1 constantemente analizada. Sobre los resultados se optimizar\u00e1 para lograr a\u00fan mejores rendimientos. La mejora es constante.<\/td><\/tr><tr><td><strong>Reportes Personalizados<\/strong><\/td><\/tr><tr><td>Nuestro equipo le acercar\u00e1 peri\u00f3dicamente reportes estad\u00edsticos para que conozca exactamente el rendimiento de sus campa\u00f1as, como se aplican y los resultados.<\/td><\/tr><\/tbody><\/table><\/figure>\n<\/div>\n<\/div>\n\n\n\n<figure class=\"wp-block-image size-large\"><a href=\"https:\/\/www.blue-net.com.ar\/web\/wp-content\/uploads\/2025\/08\/logosadd.jpg\"><img loading=\"lazy\" width=\"460\" height=\"171\" src=\"https:\/\/www.blue-net.com.ar\/web\/wp-content\/uploads\/2025\/08\/logosadd.jpg\" alt=\"\" class=\"wp-image-2234\" srcset=\"https:\/\/www.blue-net.com.ar\/web\/wp-content\/uploads\/2025\/08\/logosadd.jpg 460w, https:\/\/www.blue-net.com.ar\/web\/wp-content\/uploads\/2025\/08\/logosadd-300x112.jpg 300w\" sizes=\"(max-width: 460px) 100vw, 460px\" \/><\/a><\/figure>\n\n\n\n<p>Promociona tu marca y aumenta tus ventas con nuestros profesionales de publicidad en l\u00ednea. Ofrecemos una alta conversi\u00f3n con campa\u00f1as de publicidad personalizadas y eficaces <a href=\"https:\/\/www.blue-net.com.ar\/web\/contacto\/\">Contacta con nosotros<\/a><\/p>\n","protected":false},"excerpt":{"rendered":"<p>Soluciones de marketing que generan m\u00e1s clientes, aumentan los ingresos y mejoran el futuro de su empresa. Planes a medida Nuestro equipo determinar\u00e1 junto con usted las mejores opciones para obtener el m\u00e1ximo rendimiento de su presupuesto, y lo implementa de la mejor manera basado en nuestra amplia experiencia. Seguimiento y Optimizaci\u00f3n La calidad y performance de sus campa\u00f1as ser\u00e1 constantemente analizada. Sobre los resultados se optimizar\u00e1 para lograr a\u00fan mejores rendimientos. La mejora es [&hellip;]<\/p>\n","protected":false},"author":1,"featured_media":0,"parent":0,"menu_order":0,"comment_status":"closed","ping_status":"closed","template":"","meta":[],"_links":{"self":[{"href":"https:\/\/www.blue-net.com.ar\/web\/wp-json\/wp\/v2\/pages\/2153"}],"collection":[{"href":"https:\/\/www.blue-net.com.ar\/web\/wp-json\/wp\/v2\/pages"}],"about":[{"href":"https:\/\/www.blue-net.com.ar\/web\/wp-json\/wp\/v2\/types\/page"}],"author":[{"embeddable":true,"href":"https:\/\/www.blue-net.com.ar\/web\/wp-json\/wp\/v2\/users\/1"}],"replies":[{"embeddable":true,"href":"https:\/\/www.blue-net.com.ar\/web\/wp-json\/wp\/v2\/comments?post=2153"}],"version-history":[{"count":14,"href":"https:\/\/www.blue-net.com.ar\/web\/wp-json\/wp\/v2\/pages\/2153\/revisions"}],"predecessor-version":[{"id":2237,"href":"https:\/\/www.blue-net.com.ar\/web\/wp-json\/wp\/v2\/pages\/2153\/revisions\/2237"}],"wp:attachment":[{"href":"https:\/\/www.blue-net.com.ar\/web\/wp-json\/wp\/v2\/media?parent=2153"}],"curies":[{"name":"wp","href":"https:\/\/api.w.org\/{rel}","templated":true}]}}