{"id":819,"date":"2015-10-09T04:48:58","date_gmt":"2015-10-09T04:48:58","guid":{"rendered":"http:\/\/localhost\/cloudme\/?page_id=819"},"modified":"2019-07-22T15:14:11","modified_gmt":"2019-07-22T18:14:11","slug":"support","status":"publish","type":"page","link":"https:\/\/www.blue-net.com.ar\/web\/support\/","title":{"rendered":"Soporte"},"content":{"rendered":"<p>[vc_row css=&#8221;.vc_custom_1444382516423{padding-top: 50px !important;padding-bottom: 50px !important;}&#8221;][vc_column][vc_column_text css=&#8221;.vc_custom_1563819246372{padding-bottom: 30px !important;}&#8221;]<\/p>\n<pre id=\"tw-target-text\" class=\"tw-data-text tw-ta tw-text-small\" dir=\"ltr\" data-placeholder=\"Traducci\u00f3n\" data-fulltext=\"\"><span lang=\"es\">APOYAMOS A NUESTROS CLIENTES A TRAV\u00c9S DE CANALES<\/span><\/pre>\n<h2 style=\"text-align: center;\"><strong>APOYAMOS A NUESTROS CLIENTES A TRAV\u00c9S DE ESTOS CANALES<\/strong><\/h2>\n<p>Nos comprometemos a brindar todo el soporte necesario relacionado con la utilizaci\u00f3n del servicio y panel de control.<\/p>\n<p>Asumimos que el cliente tiene los conocimientos necesarios sobre el servicio que ha de contratar, no obstante, siempre que tengamos oportunidad contestaremos las preguntas que nos hagan llegar y que no esten cubiertas por nuestro soporte (programaci\u00f3n, utilizaci\u00f3n de software, etc).<\/p>\n<p>Durante el horario que disponemos de soporte t\u00e9cnico online nos comprometemos a responder los e-mails lo m\u00e1s r\u00e1pido posible cuando arribo, disponiendo tambi\u00e9n de la comunicaci\u00f3n instant\u00e1nea proporcionada por v\u00eda telef\u00f3nica, chat online o otras v\u00edas. Fuera de este horario, es decir de 18 a 9, S\u00e1bados y Domingos hay guardias que se encuentran disponibles solamente para atenci\u00f3n de los servidores y tareas de mantenimiento, conamos tambi\u00e9n con guardias pasivas para atenci\u00f3n al p\u00fablico, sugerimos que nos haga sus consultas de Lunes a Viernes de 9 a 18.<\/p>\n<p>Datos Dns Hosting<\/p>\n<p>Para registrar o delegar dominios:<\/p>\n<p>Servidores DNS:<\/p>\n<p>ns7.dnsgenerico.net<br \/>\nns8.dnsgenerico.net<\/p>\n<p>Para registrar o delegar dominios internacionales<\/p>\n<p>Servidores DNS:<\/p>\n<p>DNS Primario:<br \/>\nNombre: ns7.dnsgenerico.net<br \/>\nDirecci\u00f3n IP: No es necesario<\/p>\n<p>DNS Secundario:<br \/>\nNombre: ns8.dnsgenerico.net<br \/>\nDirecci\u00f3n IP: No es necesario[\/vc_column_text]\r\n    <div class=\"row supportchannels\" data-equalizer>\r\n    <div class=\"col-md-offset-1 col-sm-5 col-md-4 left-box\" data-equalizer-watch>\r\n\r\n      <div data-wow-delay=\"0.3s\" class=\"timeline-content wow fadeInLeft\">\r\n        <\/p>\n<h3>Correo electr\u00f3nico soporte<\/h3>\n<p>Durante el horario que disponemos de soporte t\u00e9cnico online nos comprometemos a responder los e-mails lo m\u00e1s r\u00e1pido posible cuando arribo, disponiendo tambi\u00e9n de la comunicaci\u00f3n instant\u00e1nea proporcionada por v\u00eda telef\u00f3nica, chat online o otras v\u00edas. Fuera de este horario, es decir de 18 a 9, S\u00e1bados y Domingos hay guardias que se encuentran disponibles solamente para atenci\u00f3n de los servidores y tareas de mantenimiento, conamos tambi\u00e9n con guardias pasivas para atenci\u00f3n al p\u00fablico, sugerimos que nos haga sus consultas de Lunes a Viernes de 9 a 18.<\/p>\n<p><a class=\"email button\" href=\"mailto:ayuda@blue-net.com.ar\">EMAIL SOPORTE T\u00c9CNICO<\/a>      <\/div>\r\n\r\n    <\/div>\r\n\r\n    <div class=\"col-sm-offset-1 col-sm-1 hidden-xs line center-box\" data-equalizer-watch>\r\n      <div class=\"roundimg wow fadeInUp\"><img src=\"https:\/\/www.blue-net.com.ar\/web\/wp-content\/uploads\/2015\/10\/support_icon_1.png\" alt=\"\"\/><\/div>\r\n    <\/div>\r\n\r\n    <div class=\"col-md-offset-1 col-sm-5 col-md-4 right-box\" data-equalizer-watch>\r\n      <div data-wow-delay=\"0.3s\" class=\"timeline-content wow fadeInRight\"><img src=\"https:\/\/www.blue-net.com.ar\/web\/wp-content\/uploads\/2015\/10\/email-mockup.png\" alt=\"\" class=\"imgpaddingright\" \/><\/div>\r\n    <\/div>\r\n\r\n  <\/div>\r\n    \r\n\r\n  \r\n    <div class=\"row supportchannels\" data-equalizer>\r\n    \r\n    <div class=\"col-md-offset-1 col-sm-5 col-md-4 right-box\" data-equalizer-watch>\r\n      <div data-wow-delay=\"0.3s\" class=\"timeline-content wow fadeInLeft\"><img src=\"https:\/\/www.blue-net.com.ar\/web\/wp-content\/uploads\/2015\/10\/chat-mockup.png\" alt=\"\" class=\"imgpaddingright\" \/><\/div>\r\n    <\/div>\r\n\r\n    <div class=\"col-sm-offset-1 col-sm-1 hidden-xs line center-box\" data-equalizer-watch>\r\n      <div class=\"roundimg wow fadeInUp\"><img src=\"https:\/\/www.blue-net.com.ar\/web\/wp-content\/uploads\/2015\/10\/support_icon_2.png\" alt=\"\"\/><\/div>\r\n    <\/div>\r\n\r\n    <div class=\"col-md-offset-1 col-sm-5 col-md-4 left-box\" data-equalizer-watch>\r\n\r\n      <div data-wow-delay=\"0.3s\" class=\"timeline-content wow fadeInRight\">\r\n        <\/p>\n<h3>Soporte On Line<\/h3>\n<p>Sugerimos que nos haga sus consultas de Lunes a Viernes de 9 a 18.<br \/>\n.<\/p>\n<h3><a class=\"chat button\" href=\"#http:\/\/www.bluenetweb.com\/chat\/cli\/\">SOPORTE ON LINE<\/a><\/h3>\n<p>      <\/div>\r\n\r\n    <\/div>\r\n\r\n  <\/div>\r\n    \r\n\r\n  \r\n    <div class=\"row supportchannels\" data-equalizer>\r\n    <div class=\"col-md-offset-1 col-sm-5 col-md-4 left-box\" data-equalizer-watch>\r\n\r\n      <div data-wow-delay=\"0.3s\" class=\"timeline-content wow fadeInLeft\">\r\n        <\/p>\n<h3>24X7 Call Center<\/h3>\n<p>S\u00ed, todos los d\u00edas, a toda hora. Soporte T\u00e9cnico 24\u00d77. Nuestro grupo de especialistas resolver\u00e1n tus problemas cada vez que los tengas. Podr\u00e1s encontrarlos en todos los canales, v\u00eda chat, ticket y tel\u00e9fono, cuando los necesites. Est\u00e1s en buenas manos.<\/p>\n<p><a class=\"phone button\" href=\"http:\/\/www.blue-net.com.ar\/osticket\/\">LL\u00c1MANOS AHORA 11-60 91 77 68<\/a>      <\/div>\r\n\r\n    <\/div>\r\n\r\n    <div class=\"col-sm-offset-1 col-sm-1 hidden-xs line center-box\" data-equalizer-watch>\r\n      <div class=\"roundimg wow fadeInUp\"><img src=\"https:\/\/www.blue-net.com.ar\/web\/wp-content\/uploads\/2015\/10\/support_icon_3.png\" alt=\"\"\/><\/div>\r\n    <\/div>\r\n\r\n    <div class=\"col-md-offset-1 col-sm-5 col-md-4 right-box\" data-equalizer-watch>\r\n      <div data-wow-delay=\"0.3s\" class=\"timeline-content wow fadeInRight\"><img src=\"https:\/\/www.blue-net.com.ar\/web\/wp-content\/uploads\/2015\/10\/phone-mockup.png\" alt=\"\" class=\"imgpaddingright\" \/><\/div>\r\n    <\/div>\r\n\r\n  <\/div>\r\n    \r\n\r\n  \r\n    <div class=\"row supportchannels\" data-equalizer>\r\n    \r\n    <div class=\"col-md-offset-1 col-sm-5 col-md-4 right-box\" data-equalizer-watch>\r\n      <div data-wow-delay=\"0.3s\" class=\"timeline-content wow fadeInLeft\"><img src=\"https:\/\/www.blue-net.com.ar\/web\/wp-content\/uploads\/2015\/10\/ticket-mockup.png\" alt=\"\" class=\"imgpaddingright\" \/><\/div>\r\n    <\/div>\r\n\r\n    <div class=\"col-sm-offset-1 col-sm-1 hidden-xs line center-box\" data-equalizer-watch>\r\n      <div class=\"roundimg wow fadeInUp\"><img src=\"https:\/\/www.blue-net.com.ar\/web\/wp-content\/uploads\/2015\/10\/support_icon_4.png\" alt=\"\"\/><\/div>\r\n    <\/div>\r\n\r\n    <div class=\"col-md-offset-1 col-sm-5 col-md-4 left-box\" data-equalizer-watch>\r\n\r\n      <div data-wow-delay=\"0.3s\" class=\"timeline-content wow fadeInRight\">\r\n        <\/p>\n<h3>Consultas por Tickets<\/h3>\n<p>S\u00ed, todos los d\u00edas, a toda hora. Soporte T\u00e9cnico 24\u00d77. Nuestro grupo de especialistas resolver\u00e1n tus problemas cada vez que los tengas. Podr\u00e1s encontrarlos en todos los canales, v\u00eda chat, ticket y tel\u00e9fono, cuando los necesites. Est\u00e1s en buenas manos.<\/p>\n<h3><a class=\"small radius ticket button\" href=\"http:\/\/www.blue-net.com.ar\/osticket\/\">ENVIAR UN TICKET<\/a><\/h3>\n<p>      <\/div>\r\n\r\n    <\/div>\r\n\r\n  <\/div>\r\n    \r\n\r\n  \r\n    <div class=\"row supportchannels\" data-equalizer>\r\n    <div class=\"col-md-offset-1 col-sm-5 col-md-4 left-box\" data-equalizer-watch>\r\n\r\n      <div data-wow-delay=\"0.3s\" class=\"timeline-content wow fadeInLeft\">\r\n        <\/p>\n<pre id=\"tw-target-text\" class=\"tw-data-text tw-ta tw-text-medium\" dir=\"ltr\" data-placeholder=\"Traducci\u00f3n\" data-fulltext=\"\"><\/pre>\n<h3>Medios de comunicaci\u00f3n social<\/h3>\n<p>S\u00ed, todos los d\u00edas, a toda hora. Soporte T\u00e9cnico 24\u00d77. Nuestro grupo de especialistas resolver\u00e1n tus problemas cada vez que los tengas. Podr\u00e1s encontrarlos en todos los canales, v\u00eda chat, ticket y tel\u00e9fono, cuando los necesites. Est\u00e1s en buenas manos.<\/p>\n<h3><a class=\"small radius tweet button\" href=\"https:\/\/www.facebook.com\/Blue-Net-Webhosting-Hosting-Minorista-y-Mayorista-84198839194\/\">ENVIANOS UNA CONSULTA POR FACEBOOK<\/a><\/h3>\n<p>      <\/div>\r\n\r\n    <\/div>\r\n\r\n    <div class=\"col-sm-offset-1 col-sm-1 hidden-xs line center-box\" data-equalizer-watch>\r\n      <div class=\"roundimg wow fadeInUp\"><img src=\"https:\/\/www.blue-net.com.ar\/web\/wp-content\/uploads\/2019\/01\/facebook-icon-circle-logo-09F32F61FF-seeklogo.com_.png\" alt=\"\"\/><\/div>\r\n    <\/div>\r\n\r\n    <div class=\"col-md-offset-1 col-sm-5 col-md-4 right-box\" data-equalizer-watch>\r\n      <div data-wow-delay=\"0.3s\" class=\"timeline-content wow fadeInRight\"><img src=\"https:\/\/www.blue-net.com.ar\/web\/wp-content\/uploads\/2015\/10\/twitter-mockup.png\" alt=\"\" class=\"imgpaddingright\" \/><\/div>\r\n    <\/div>\r\n\r\n  <\/div>\r\n    \r\n\r\n  [\/vc_column][\/vc_row]<\/p>\n","protected":false},"excerpt":{"rendered":"<p>[vc_row css=&#8221;.vc_custom_1444382516423{padding-top: 50px !important;padding-bottom: 50px !important;}&#8221;][vc_column][vc_column_text css=&#8221;.vc_custom_1563819246372{padding-bottom: 30px !important;}&#8221;] APOYAMOS A NUESTROS CLIENTES A TRAV\u00c9S DE CANALES APOYAMOS A NUESTROS CLIENTES A TRAV\u00c9S DE ESTOS CANALES Nos comprometemos a brindar todo el soporte necesario relacionado con la utilizaci\u00f3n del servicio y panel de control. Asumimos que el cliente tiene los conocimientos necesarios sobre el servicio que ha de contratar, no obstante, siempre que tengamos oportunidad contestaremos las preguntas que nos hagan llegar y que no [&hellip;]<\/p>\n","protected":false},"author":1,"featured_media":0,"parent":0,"menu_order":0,"comment_status":"closed","ping_status":"closed","template":"page-templates\/template-fullwidth.php","meta":[],"_links":{"self":[{"href":"https:\/\/www.blue-net.com.ar\/web\/wp-json\/wp\/v2\/pages\/819"}],"collection":[{"href":"https:\/\/www.blue-net.com.ar\/web\/wp-json\/wp\/v2\/pages"}],"about":[{"href":"https:\/\/www.blue-net.com.ar\/web\/wp-json\/wp\/v2\/types\/page"}],"author":[{"embeddable":true,"href":"https:\/\/www.blue-net.com.ar\/web\/wp-json\/wp\/v2\/users\/1"}],"replies":[{"embeddable":true,"href":"https:\/\/www.blue-net.com.ar\/web\/wp-json\/wp\/v2\/comments?post=819"}],"version-history":[{"count":5,"href":"https:\/\/www.blue-net.com.ar\/web\/wp-json\/wp\/v2\/pages\/819\/revisions"}],"predecessor-version":[{"id":2048,"href":"https:\/\/www.blue-net.com.ar\/web\/wp-json\/wp\/v2\/pages\/819\/revisions\/2048"}],"wp:attachment":[{"href":"https:\/\/www.blue-net.com.ar\/web\/wp-json\/wp\/v2\/media?parent=819"}],"curies":[{"name":"wp","href":"https:\/\/api.w.org\/{rel}","templated":true}]}}