{"id":848,"date":"2015-10-09T09:44:35","date_gmt":"2015-10-09T09:44:35","guid":{"rendered":"http:\/\/localhost\/cloudme\/?page_id=848"},"modified":"2019-01-30T11:06:36","modified_gmt":"2019-01-30T14:06:36","slug":"about-us-2","status":"publish","type":"page","link":"https:\/\/www.blue-net.com.ar\/web\/about-us-2\/","title":{"rendered":"Sobre nosotros"},"content":{"rendered":"<p>[vc_row css=&#8221;.vc_custom_1444386097573{padding-bottom: 30px !important;}&#8221;][vc_column][vc_column_text css=&#8221;.vc_custom_1548021415958{padding-top: 50px !important;padding-bottom: 50px !important;}&#8221;]<\/p>\n<h2 style=\"text-align: center;\"><strong>ESTO ES BLUE-NET WEBHOSTING<\/strong><\/h2>\n<div id=\"bodyPan\">\n<div id=\"div\">\n<div align=\"left\">\n<p align=\"justify\"><strong><span class=\"style11\">Blue-Net<\/span>\u00a0<span class=\"style12\">Webhosting<\/span><\/strong>\u00a0est\u00e1 formado en el a\u00f1o 1998 por un grupo de jovenes profesionales con experiencia en diferentes \u00e1reas y tecnolog\u00edas de Internet. Nos distinguimos por ofrecer un servicio de alta calidad dentro de la industria del alojamiento web. Nuestra oferta de servicios est\u00e1 dirigida a usuarios particulares, a la empresa, a la pyme y al emprendedor o profesional que necesita un servicio de alojamiento web altamente automatizado y flexible a precios muy competitivos, sin problemas t\u00e9cnicos ni complicaciones administrativas.<\/p>\n<p align=\"justify\">Contamos con servidores desde Pentium IV 2.4 Ghz duales y superiores con 5 GB de ram, que utilizan sistemas operativos Linux Red Hat, Linux Slakware y Windows 2003 Server. Nuestros servidores se encuentran alojados en el Network Operations Center (NOC) de M\u00edami, en los Estados Unidos, y en el Grupo TELMEX, Buenos Aires, Argentina, estos centros de datos de \u00faltima generaci\u00f3n que cuenta con todos los avances necesarios para asegurar el funcionamiento de todos los equipos instalados a los m\u00e1ximos niveles de rendimiento:<\/p>\n<div align=\"justify\">\n<ul>\n<li><strong><img loading=\"lazy\" src=\"http:\/\/www.blue-net.com.ar\/vw\/images\/bullet3.gif\" width=\"10\" height=\"7\" \/>Suministros de energ\u00eda continuos redundantes.<\/strong><\/li>\n<li><strong><img loading=\"lazy\" src=\"http:\/\/www.blue-net.com.ar\/vw\/images\/bullet3.gif\" width=\"10\" height=\"7\" \/>M\u00faltiples generadores de respaldo.<\/strong><\/li>\n<li><strong><img loading=\"lazy\" src=\"http:\/\/www.blue-net.com.ar\/vw\/images\/bullet3.gif\" width=\"10\" height=\"7\" \/>M\u00faltiples niveles de supresi\u00f3n de fuego.<\/strong><\/li>\n<li><strong><img loading=\"lazy\" src=\"http:\/\/www.blue-net.com.ar\/vw\/images\/bullet3.gif\" width=\"10\" height=\"7\" \/>Mantenimiento constante de niveles de humedad y temperatura.<\/strong><\/li>\n<li><strong><img loading=\"lazy\" src=\"http:\/\/www.blue-net.com.ar\/vw\/images\/bullet3.gif\" width=\"10\" height=\"7\" \/>Sistemas de monitoreo ambientales.<\/strong><\/li>\n<li><strong><img loading=\"lazy\" src=\"http:\/\/www.blue-net.com.ar\/vw\/images\/bullet3.gif\" width=\"10\" height=\"7\" \/>Niveles m\u00faltiples de seguridad.\u00a0<\/strong><\/li>\n<\/ul>\n<\/div>\n<p align=\"justify\">Nuestro objetivo es ofrecer un servicio integral que proporcione a nuestros clientes un sistema de calidad flexible y confiable que le permita desarrollar y administrar con eficiencia las actividades relacionadas con su presencia e internet.<\/p>\n<\/div>\n<\/div>\n<\/div>\n<p>[\/vc_column_text][\/vc_column][\/vc_row][vc_row css=&#8221;.vc_custom_1444385326165{padding-top: 50px !important;padding-bottom: 50px !important;background-color: #f0f0f0 !important;}&#8221;][vc_column animate=&#8221;fadeinup&#8221; time=&#8221;0.2&#8243; el_class=&#8221;text-center&#8221;][vc_custom_heading text=&#8221;<strong>CONECTATE CON NOSOTROS<\/strong>&#8221; font_container=&#8221;tag:h2|text_align:center&#8221; use_theme_fonts=&#8221;yes&#8221; css=&#8221;.vc_custom_1548021509741{margin-bottom: 45px !important;}&#8221; link=&#8221;url:http%3A%2F%2Fwww.blue-net.com.ar%2Fweb%2Fcontact%2F|||&#8221;]\r\n  <ul class=\"connecticons\">\r\n    <li><a target=\"_blank\" href=\"https:\/\/www.facebook.com\/Blue-Net-Webhosting-Hosting-Minorista-y-Mayorista-84198839194\/\"><i class=\"fa fa-facebook\"><\/i><\/a><\/li> \r\n  <\/ul>  \r\n\r\n  [\/vc_column][\/vc_row][vc_row css=&#8221;.vc_custom_1444386077205{padding-top: 70px !important;padding-bottom: 70px !important;}&#8221;][vc_column width=&#8221;1\/3&#8243; animate=&#8221;fadeinleft&#8221; time=&#8221;0.2&#8243;]\r\n  <div class=\"about-us-links\">\r\n    <i class=\"fa fa-file-text\"><\/i>        <h3>Quienes Somos<\/h3>\r\n    <p><\/p>\n<div class=\"iw-heading blackTitle style2 \">\n<p class=\"iwh-content\">ESPECIALISTAS EN BRINDAR SOLUCIONES EN LA NUBE<\/p>\n<\/div>\n<div class=\"wpb_text_column wpb_content_element vc_custom_1547730747018\">\n<div class=\"wpb_wrapper\">\n<p><strong>En Blue-Net Webhosting tenemos como premisa brindar las mejores soluciones y servicios en la nube, comprometi\u00e9ndonos a garantizar d\u00eda a d\u00eda tu experiencia con nosotros.<\/strong><\/p>\n<p>Formamos Blue-Net Webhosting a partir de la uni\u00f3n de las dos principales compa\u00f1\u00edas de servicios de\u00a0internet y alojamiento web de Am\u00e9rica Latina: MilHosting y Blue-Net Webhosting. Logramos de\u00a0esta forma proveer servicios con la m\u00e1s alta tecnolog\u00eda existente en el mercado avalados por\u00a0una experiencia de m\u00e1s de 15 a\u00f1os en la actividad.<\/p>\n<p><strong>Nos encontramos dedicados exclusivamente a brindar Soluciones en la nube, implementando siempre los \u00faltimos avances tecnol\u00f3gicos que ofrezcan servicios de m\u00e1ximo nivel. Nuestra infraestructura, recursos y experiencia le permitir\u00e1, a tu negocio o empresa, obtener una clara ventaja competitiva en la nueva econom\u00eda digital.<\/strong><\/p>\n<p><strong>Nuestro trabajo se centra en el cliente. Nuestro objetivo es darte una atenci\u00f3n personalizada.<\/strong><\/p>\n<p>Buscamos cubrir tus necesidades, no s\u00f3lo desde el punto de vista del producto ofrecido, sino desde un marco mucho m\u00e1s amplio, haciendo hincapi\u00e9 en el profesionalismo, asesoramiento t\u00e9cnico, honestidad, seguridad e innovaci\u00f3n permanente. Tenemos la firme convicci\u00f3n de que estos valores nos permiten crear v\u00ednculos a largo plazo y relaciones duraderas con cada uno de nuestros clientes.<\/p>\n<\/div>\n<\/div>\n<p><\/p>\r\n    <div class=\"cta-button\"><p><span><a href=\"https:\/\/www.blue-net.com.ar\/web\/contact\/\">Contactanos<\/a><\/span><\/p><\/div>  <\/div>    \r\n\r\n  [\/vc_column][vc_column width=&#8221;1\/3&#8243; animate=&#8221;fadeinleft&#8221; time=&#8221;0.4&#8243;]\r\n  <div class=\"about-us-links\">\r\n    <i class=\"fa fa-twitch\"><\/i>        <h3>Testimonios<\/h3>\r\n    <p><\/p>\n<h3>Satisfacci\u00f3n total para\u00a0<strong>+100.000<\/strong>\u00a0importantes clientes<\/h3>\n<p><\/p>\r\n    <div class=\"cta-button\"><p><span><a href=\"https:\/\/www.blue-net.com.ar\/web\/testimonials\/\">Leer m\u00e1s<\/a><\/span><\/p><\/div>  <\/div>    \r\n\r\n  [\/vc_column][vc_column width=&#8221;1\/3&#8243; animate=&#8221;fadeinleft&#8221; time=&#8221;0.6&#8243;]\r\n  <div class=\"about-us-links\">\r\n    <i class=\"fa fa-envelope\"><\/i>        <h3>Contacto<\/h3>\r\n    <p>Puede contactarnos por medio de los medios<\/p>\r\n    <div class=\"cta-button\"><p><span><a href=\"https:\/\/www.blue-net.com.ar\/web\/contact\/\">Leer m\u00e1s<\/a><\/span><\/p><\/div>  <\/div>    \r\n\r\n  [\/vc_column][\/vc_row][vc_row css=&#8221;.vc_custom_1445508267249{padding-top: 50px !important;padding-bottom: 50px !important;background-color: #f0f0f0 !important;}&#8221;][vc_column]\r\n\t<div class=\"logos\">\r\n    \t                 \t\r\n\t        <div class=\"item\"><img src=\"https:\/\/www.blue-net.com.ar\/web\/wp-content\/uploads\/2015\/10\/3.png\" alt=\"3\"><\/div>\r\n                               \t\r\n\t        <div class=\"item\"><img src=\"https:\/\/www.blue-net.com.ar\/web\/wp-content\/uploads\/2015\/10\/4.png\" alt=\"4\"><\/div>\r\n                               \t\r\n\t        <div class=\"item\"><img src=\"https:\/\/www.blue-net.com.ar\/web\/wp-content\/uploads\/2015\/10\/5.png\" alt=\"5\"><\/div>\r\n                               \t\r\n\t        <div class=\"item\"><img src=\"https:\/\/www.blue-net.com.ar\/web\/wp-content\/uploads\/2015\/10\/6.png\" alt=\"6\"><\/div>\r\n                               \t\r\n\t        <div class=\"item\"><img src=\"https:\/\/www.blue-net.com.ar\/web\/wp-content\/uploads\/2015\/10\/7.png\" alt=\"7\"><\/div>\r\n                               \t\r\n\t        <div class=\"item\"><img src=\"https:\/\/www.blue-net.com.ar\/web\/wp-content\/uploads\/2015\/10\/8.png\" alt=\"8\"><\/div>\r\n                               \t\r\n\t        <div class=\"item\"><img src=\"https:\/\/www.blue-net.com.ar\/web\/wp-content\/uploads\/2015\/10\/9.png\" alt=\"9\"><\/div>\r\n                <\/div>\r\n\r\n  <script type=\"text\/javascript\">\r\n  (function($) {\r\n  \"use strict\";\r\n    $(\".logos\").owlCarousel({\r\n\r\n        autoPlay: 5000,\r\n        items: 6,\r\n        itemsDesktop: [1199, 6-1],\r\n        itemsDesktopSmall: [979, 6-2],\r\n        pagination: false\r\n\r\n    });\r\n  })(jQuery);\r\n  <\/script>     \r\n\r\n\t[\/vc_column][\/vc_row]<\/p>\n","protected":false},"excerpt":{"rendered":"<p>[vc_row css=&#8221;.vc_custom_1444386097573{padding-bottom: 30px !important;}&#8221;][vc_column][vc_column_text css=&#8221;.vc_custom_1548021415958{padding-top: 50px !important;padding-bottom: 50px !important;}&#8221;] ESTO ES BLUE-NET WEBHOSTING Blue-Net\u00a0Webhosting\u00a0est\u00e1 formado en el a\u00f1o 1998 por un grupo de jovenes profesionales con experiencia en diferentes \u00e1reas y tecnolog\u00edas de Internet. Nos distinguimos por ofrecer un servicio de alta calidad dentro de la industria del alojamiento web. Nuestra oferta de servicios est\u00e1 dirigida a usuarios particulares, a la empresa, a la pyme y al emprendedor o profesional que necesita un servicio de [&hellip;]<\/p>\n","protected":false},"author":1,"featured_media":0,"parent":0,"menu_order":0,"comment_status":"closed","ping_status":"closed","template":"page-templates\/template-fullwidth.php","meta":[],"_links":{"self":[{"href":"https:\/\/www.blue-net.com.ar\/web\/wp-json\/wp\/v2\/pages\/848"}],"collection":[{"href":"https:\/\/www.blue-net.com.ar\/web\/wp-json\/wp\/v2\/pages"}],"about":[{"href":"https:\/\/www.blue-net.com.ar\/web\/wp-json\/wp\/v2\/types\/page"}],"author":[{"embeddable":true,"href":"https:\/\/www.blue-net.com.ar\/web\/wp-json\/wp\/v2\/users\/1"}],"replies":[{"embeddable":true,"href":"https:\/\/www.blue-net.com.ar\/web\/wp-json\/wp\/v2\/comments?post=848"}],"version-history":[{"count":4,"href":"https:\/\/www.blue-net.com.ar\/web\/wp-json\/wp\/v2\/pages\/848\/revisions"}],"predecessor-version":[{"id":1475,"href":"https:\/\/www.blue-net.com.ar\/web\/wp-json\/wp\/v2\/pages\/848\/revisions\/1475"}],"wp:attachment":[{"href":"https:\/\/www.blue-net.com.ar\/web\/wp-json\/wp\/v2\/media?parent=848"}],"curies":[{"name":"wp","href":"https:\/\/api.w.org\/{rel}","templated":true}]}}