{"id":999,"date":"2015-10-15T04:47:31","date_gmt":"2015-10-15T04:47:31","guid":{"rendered":"http:\/\/localhost\/cloudme\/?page_id=999"},"modified":"2024-02-12T17:18:42","modified_gmt":"2024-02-12T20:18:42","slug":"domains","status":"publish","type":"page","link":"https:\/\/www.blue-net.com.ar\/web\/domains\/","title":{"rendered":"Dominios"},"content":{"rendered":"<p>[vc_row css=&#8221;.vc_custom_1548117586729{margin-top: 50px !important;padding-top: 50px !important;padding-bottom: 50px !important;}&#8221;][vc_column css=&#8221;.vc_custom_1548117738062{margin-top: 80px !important;}&#8221;]\r\n  <div class=\"calltoaction\">\r\n    <div class=\"longshadow\">DOMINIOS<\/div>\r\n    <div class=\"calltoactioninfo\">\r\n    <h2><\/h2>\r\n    <h3>TODOS LOS DOMINIOS. UN REGISTRADOR<\/h3>\r\n    <a href=\"https:\/\/www.blue-net.com.ar\/web\/contacto\/\" class=\"small radius btn\">Contratar<\/a>\r\n    <\/div>\r\n  <\/div>    \r\n\r\n  [vc_single_image image=&#8221;1290&#8243; img_size=&#8221;300&#215;300&#8243; add_caption=&#8221;yes&#8221; alignment=&#8221;center&#8221; title=&#8221;TODOS LOS DOMINIOS. UN REGISTRADOR&#8221;][vc_column_text css=&#8221;.vc_custom_1548114336672{padding-bottom: 50px !important;}&#8221;]<\/p>\n<h2 style=\"text-align: center;\"><strong>LOS MEJORES\u00a0<\/strong><strong>PRECIOS <\/strong><\/h2>\n<h2 style=\"text-align: center;\"><strong>PARA TODOS los gTLDs y ccTLDs<\/strong><\/h2>\n<p>Te ofrecemos la forma m\u00e1s f\u00e1cil de registrar un dominio internacional \u00f3 territorial (.com.ar), te ayudams sobre la utilizaci\u00f3n, registro, renovaci\u00f3n y gesti\u00f3n de dominios internacionales y nacionales; registramos dominios .com.ar a nombre del cliente y hacemos los tr\u00e1mites necesarios para que dicho tr\u00e1mite concluya en el menor tiempo posible (m\u00ednimo 4 d\u00edas h\u00e1biles). Nos ocupamos de que no pierda el dominio a la hora de renovarlo, nos ponemos en contacto con el cliente y le indicamos los pasos a seguir[\/vc_column_text][vc_single_image image=&#8221;1647&#8243; img_size=&#8221;820&#215;220&#8243; add_caption=&#8221;yes&#8221; alignment=&#8221;center&#8221; title=&#8221;Contratando un Servidor dedicado te regalamos 1 a\u00f1o de registro&#8221;][\/vc_column][vc_column width=&#8221;1\/4&#8243; css=&#8221;.vc_custom_1444988796058{padding-right: 0px !important;padding-left: 0px !important;}&#8221; offset=&#8221;vc_col-md-3 vc_col-xs-3&#8243;]\r\n  <div class=\"domain-prices\">\r\n    <div class=\"title-features\">DOMINIOS<\/div>\r\n    <div class=\"pricing-table domains tld\">\r\n      <\/p>\n<ul>\n<li>.COM<\/li>\n<li>.NET<\/li>\n<li>.ORG<\/li>\n<li>.XYZ<\/li>\n<li>.INFO<\/li>\n<li>.COM.AR<\/li>\n<li>.AR<\/li>\n<\/ul>\n<p>    <\/div>\r\n  <\/div>\r\n\r\n  [\/vc_column][vc_column width=&#8221;1\/4&#8243; css=&#8221;.vc_custom_1444988803801{padding-right: 0px !important;padding-left: 0px !important;}&#8221; offset=&#8221;vc_col-md-3 vc_col-xs-3&#8243;]\r\n  <div class=\"domain-prices\">\r\n    <div class=\"title-alt\">REGITRO<\/div>\r\n    <div class=\"pricing-table domains \">\r\n      <\/p>\n<ul>\n<li>uSd 30<\/li>\n<li>uSd 30<\/li>\n<li>uSd 30<\/li>\n<li>uSd 30<\/li>\n<li>uSd 30<\/li>\n<li>$Ar 8500<\/li>\n<li>$Ar 25500<\/li>\n<\/ul>\n<p>    <\/div>\r\n  <\/div>\r\n\r\n  [\/vc_column][vc_column width=&#8221;1\/4&#8243; css=&#8221;.vc_custom_1444988811433{padding-right: 0px !important;padding-left: 0px !important;}&#8221; offset=&#8221;vc_col-md-3 vc_col-xs-3&#8243;]\r\n  <div class=\"domain-prices\">\r\n    <div class=\"title-alt\">RENOVACI\u00d3N<\/div>\r\n    <div class=\"pricing-table domains \">\r\n      <\/p>\n<ul>\n<li>uSd 30<\/li>\n<li>uSd 30<\/li>\n<li>uSd 30<\/li>\n<li>uSd 30<\/li>\n<li>uSd 30<\/li>\n<li>$Ar 8500<\/li>\n<li>$Ar 25500<\/li>\n<\/ul>\n<p>    <\/div>\r\n  <\/div>\r\n\r\n  [\/vc_column][vc_column width=&#8221;1\/4&#8243; css=&#8221;.vc_custom_1444988818613{padding-right: 0px !important;padding-left: 0px !important;}&#8221; offset=&#8221;vc_col-md-3 vc_col-xs-3&#8243;]\r\n  <div class=\"domain-prices\">\r\n    <div class=\"title-alt\">TRANSFERENCIA<\/div>\r\n    <div class=\"pricing-table domains \">\r\n      <\/p>\n<ul>\n<li>uSd 30<\/li>\n<li>uSd 30<\/li>\n<li>uSd 30<\/li>\n<li>uSd 30<\/li>\n<li>uSd 30<\/li>\n<li>$Ar 8500<\/li>\n<li>$Ar 25500<\/li>\n<\/ul>\n<p>    <\/div>\r\n  <\/div>\r\n\r\n  [\/vc_column][vc_column][vc_column_text]<\/p>\n<p style=\"text-align: center;\">&lt;B&gt;<span style=\"font-family: Consolas, Monaco, monospace;\">Todos los precios son por a\u00f1o y en d\u00f3lares estadounidenses, los precios de dominios .com.ar y .tur.ar son en pesos argentinos&lt;\/b&gt;<\/span><\/p>\n<div id=\"tw-target-text-container\" class=\"gsrt tw-ta-container tw-nfl\">\n<pre class=\"tw-data-text tw-ta tw-text-small\" lang=\"es\"><\/pre>\n<\/div>\n<p>[\/vc_column_text][\/vc_column][\/vc_row][vc_row css=&#8221;.vc_custom_1444991090956{padding-top: 50px !important;padding-bottom: 70px !important;background-color: #f9f9f9 !important;}&#8221;][vc_column width=&#8221;1\/2&#8243; animate=&#8221;zoomin&#8221; time=&#8221;0.2&#8243; css=&#8221;.vc_custom_1445327976720{padding-right: 0px !important;padding-left: 0px !important;}&#8221;]\r\n      <div class=\"domainfeatures-list dedicated-servers-features\" style=\"background: #f0f0f0;\">\r\n    <div class=\"row\">\r\n      <div class=\"col-sm-3\">\r\n        <div class=\"circle\"><i class=\"fa fa-repeat\"><\/i><\/div>\r\n      <\/div>\r\n      <div class=\"col-sm-9\">\r\n        <h3>Protecci\u00f3n de Identidad<\/h3>\r\n        <p>Proteja sus datos personales frente consultas WHOIS, disponible para todos los dominios.\u00a0 <a href=\"http:\/\/www.blue-net.com.ar\/osticket\/\">Contactemos<\/a> para contratar este servicio<\/p>\r\n      <\/div>\r\n    <\/div><\/div>\r\n       \r\n\r\n  [vc_empty_space height=&#8221;10px&#8221;][\/vc_column][vc_column width=&#8221;1\/2&#8243; animate=&#8221;zoomin&#8221; time=&#8221;0.2&#8243; css=&#8221;.vc_custom_1445327983489{padding-right: 0px !important;padding-left: 0px !important;}&#8221;]\r\n      <div class=\"domainfeatures-list dedicated-servers-features\" style=\"background: #f0f0f0;\">\r\n    <div class=\"row\">\r\n      <div class=\"col-sm-3\">\r\n        <div class=\"circle\"><i class=\"fa fa-plus-circle\"><\/i><\/div>\r\n      <\/div>\r\n      <div class=\"col-sm-9\">\r\n        <h3>Gratis Add-Ons<\/h3>\r\n        <p>El traspaso de los dominios de todos los dominios son gratis en Blue-Net Webhosting. Traiga todos sus dominios a Blue-Net Webhosting nacionales. Para dominios internacionales debe abonar\u00a0 el costo de Transferencia. Nosotros lo asesoramos gratis<\/p>\r\n      <\/div>\r\n    <\/div><\/div>\r\n       \r\n\r\n  [vc_empty_space height=&#8221;10px&#8221;][\/vc_column][vc_column width=&#8221;1\/2&#8243; animate=&#8221;zoomin&#8221; time=&#8221;0.4&#8243; css=&#8221;.vc_custom_1445327990771{padding-right: 0px !important;padding-left: 0px !important;}&#8221;]\r\n      <div class=\"domainfeatures-list dedicated-servers-features\" style=\"background: #f0f0f0;\">\r\n    <div class=\"row\">\r\n      <div class=\"col-sm-3\">\r\n        <div class=\"circle\"><i class=\"fa fa-list-alt\"><\/i><\/div>\r\n      <\/div>\r\n      <div class=\"col-sm-9\">\r\n        <h3>Panel de control f\u00e1cil de usar<\/h3>\r\n        <p><strong>Cambio de DNS al instante<\/strong><\/p>\n<p>Desde el panel de control podr\u00e1s cambiar los DNS de tus dominiso en forma r\u00e1pida e intuitiva.<\/p>\r\n      <\/div>\r\n    <\/div><\/div>\r\n       \r\n\r\n  [vc_empty_space height=&#8221;10px&#8221;][\/vc_column][vc_column width=&#8221;1\/2&#8243; animate=&#8221;zoomin&#8221; time=&#8221;0.4&#8243; css=&#8221;.vc_custom_1445327996384{padding-right: 0px !important;padding-left: 0px !important;}&#8221;]\r\n      <div class=\"domainfeatures-list dedicated-servers-features\" style=\"background: #f0f0f0;\">\r\n    <div class=\"row\">\r\n      <div class=\"col-sm-3\">\r\n        <div class=\"circle\"><i class=\"fa fa-cog\"><\/i><\/div>\r\n      <\/div>\r\n      <div class=\"col-sm-9\">\r\n        <h3>Nuestros DNS<\/h3>\r\n        <p>Nuestros DNS son los siguientes:<\/p>\n<p><strong>Nombre: ns7.dnsgenerico.net<\/strong><\/p>\n<p><strong>IP: 190.183.61.120<\/strong><\/p>\n<hr \/>\n<p><strong>Nombre: ns8.dnsgenerico.net<\/strong><\/p>\n<p><strong>IP: 190.183.61.122<\/strong><\/p>\r\n      <\/div>\r\n    <\/div><\/div>\r\n       \r\n\r\n  [vc_empty_space height=&#8221;10px&#8221;][\/vc_column][vc_column width=&#8221;1\/2&#8243; animate=&#8221;zoomin&#8221; time=&#8221;0.6&#8243; css=&#8221;.vc_custom_1445328002809{padding-right: 0px !important;padding-left: 0px !important;}&#8221;]\r\n      <div class=\"domainfeatures-list dedicated-servers-features\" style=\"background: #f0f0f0;\">\r\n    <div class=\"row\">\r\n      <div class=\"col-sm-3\">\r\n        <div class=\"circle\"><i class=\"fa fa-lock\"><\/i><\/div>\r\n      <\/div>\r\n      <div class=\"col-sm-9\">\r\n        <h3>Parqueo y redireccionamiento<\/h3>\r\n        <p>Si a\u00fan no tienes un\u00a0<a href=\"https:\/\/www.blue-net.com.ar\/web\/shared-hosting\/\" target=\"_blank\" rel=\"noopener\">Web hosting\u00a0<\/a>para tu dominio, puedes aprovecharlo con el servicio parqueo y redireccionamiento gratuito.<\/p>\r\n      <\/div>\r\n    <\/div><\/div>\r\n       \r\n\r\n  [\/vc_column][vc_column width=&#8221;1\/2&#8243; animate=&#8221;zoomin&#8221; time=&#8221;0.6&#8243; css=&#8221;.vc_custom_1445328008698{padding-right: 0px !important;padding-left: 0px !important;}&#8221;]\r\n      <div class=\"domainfeatures-list dedicated-servers-features\" style=\"background: #f0f0f0;\">\r\n    <div class=\"row\">\r\n      <div class=\"col-sm-3\">\r\n        <div class=\"circle\"><i class=\"fa fa-usd\"><\/i><\/div>\r\n      <\/div>\r\n      <div class=\"col-sm-9\">\r\n        <h3>Renovaci\u00f3n garantizada<\/h3>\r\n        <p>Al acercarse al vencimiento te avisaremos para que lo renueves y evitar as\u00ed que tu web y tus correos queden fuera de l\u00ednea. Puedes optar tambi\u00e9n por el servicio de Seguro de Vencimiento exclusivo de <strong>Blue-net Webhosting<\/strong><\/p>\r\n      <\/div>\r\n    <\/div><\/div>\r\n       \r\n\r\n  [\/vc_column][\/vc_row][vc_row][vc_column width=&#8221;1\/4&#8243;][\/vc_column][vc_column width=&#8221;1\/4&#8243;][vc_btn title=&#8221;CONTRATAR DOMINIOS INTERNACIONALES&#8221; color=&#8221;orange&#8221; align=&#8221;center&#8221; i_icon_fontawesome=&#8221;fa fa-handshake-o&#8221; add_icon=&#8221;true&#8221; link=&#8221;url:https%3A%2F%2Fwww.blue-net.com.ar%2Fweb%2Fcontacto%2F||target:%20_blank|&#8221;][\/vc_column][vc_column width=&#8221;1\/4&#8243;][vc_btn title=&#8221;CONTRATAR DOMINIOS NACIONALES&#8221; color=&#8221;orange&#8221; align=&#8221;center&#8221; i_icon_fontawesome=&#8221;fa fa-handshake-o&#8221; add_icon=&#8221;true&#8221; link=&#8221;url:https%3A%2F%2Fwww.blue-net.com.ar%2Fweb%2Fcontacto%2F||target:%20_blank|&#8221;][\/vc_column][vc_column width=&#8221;1\/4&#8243;][\/vc_column][\/vc_row][vc_row][vc_column][\/vc_column][\/vc_row][vc_row][vc_column][\/vc_column][\/vc_row][vc_row][vc_column][\/vc_column][\/vc_row]<\/p>\n","protected":false},"excerpt":{"rendered":"<p>[vc_row css=&#8221;.vc_custom_1548117586729{margin-top: 50px !important;padding-top: 50px !important;padding-bottom: 50px !important;}&#8221;][vc_column css=&#8221;.vc_custom_1548117738062{margin-top: 80px !important;}&#8221;][vc_single_image image=&#8221;1290&#8243; img_size=&#8221;300&#215;300&#8243; add_caption=&#8221;yes&#8221; alignment=&#8221;center&#8221; title=&#8221;TODOS LOS DOMINIOS. UN REGISTRADOR&#8221;][vc_column_text css=&#8221;.vc_custom_1548114336672{padding-bottom: 50px !important;}&#8221;] LOS MEJORES\u00a0PRECIOS PARA TODOS los gTLDs y ccTLDs Te ofrecemos la forma m\u00e1s f\u00e1cil de registrar un dominio internacional \u00f3 territorial (.com.ar), te ayudams sobre la utilizaci\u00f3n, registro, renovaci\u00f3n y gesti\u00f3n de dominios internacionales y nacionales; registramos dominios .com.ar a nombre del cliente y hacemos los tr\u00e1mites necesarios para que dicho tr\u00e1mite [&hellip;]<\/p>\n","protected":false},"author":1,"featured_media":0,"parent":0,"menu_order":0,"comment_status":"closed","ping_status":"closed","template":"page-templates\/template-canvas.php","meta":[],"_links":{"self":[{"href":"https:\/\/www.blue-net.com.ar\/web\/wp-json\/wp\/v2\/pages\/999"}],"collection":[{"href":"https:\/\/www.blue-net.com.ar\/web\/wp-json\/wp\/v2\/pages"}],"about":[{"href":"https:\/\/www.blue-net.com.ar\/web\/wp-json\/wp\/v2\/types\/page"}],"author":[{"embeddable":true,"href":"https:\/\/www.blue-net.com.ar\/web\/wp-json\/wp\/v2\/users\/1"}],"replies":[{"embeddable":true,"href":"https:\/\/www.blue-net.com.ar\/web\/wp-json\/wp\/v2\/comments?post=999"}],"version-history":[{"count":75,"href":"https:\/\/www.blue-net.com.ar\/web\/wp-json\/wp\/v2\/pages\/999\/revisions"}],"predecessor-version":[{"id":2146,"href":"https:\/\/www.blue-net.com.ar\/web\/wp-json\/wp\/v2\/pages\/999\/revisions\/2146"}],"wp:attachment":[{"href":"https:\/\/www.blue-net.com.ar\/web\/wp-json\/wp\/v2\/media?parent=999"}],"curies":[{"name":"wp","href":"https:\/\/api.w.org\/{rel}","templated":true}]}}